{"id":20838,"date":"2021-06-22T09:59:16","date_gmt":"2021-06-22T09:59:16","guid":{"rendered":"https:\/\/dev.qustodio.com\/privacy\/"},"modified":"2025-12-18T14:13:57","modified_gmt":"2025-12-18T14:13:57","slug":"privacy","status":"publish","type":"page","link":"https:\/\/dev.qustodio.com\/de\/privacy\/","title":{"rendered":"Privacy Policy"},"content":{"rendered":"<p>[et_pb_section fb_built=&#8220;1&#8243; _builder_version=&#8220;4.16&#8243; da_disable_devices=&#8220;off|off|off&#8220; global_colors_info=&#8220;{}&#8220; da_is_popup=&#8220;off&#8220; da_exit_intent=&#8220;off&#8220; da_has_close=&#8220;on&#8220; da_alt_close=&#8220;off&#8220; da_dark_close=&#8220;off&#8220; da_not_modal=&#8220;on&#8220; da_is_singular=&#8220;off&#8220; da_with_loader=&#8220;off&#8220; da_has_shadow=&#8220;on&#8220;][et_pb_row _builder_version=&#8220;4.16&#8243; background_size=&#8220;initial&#8220; background_position=&#8220;top_left&#8220; background_repeat=&#8220;repeat&#8220; global_colors_info=&#8220;{}&#8220;][et_pb_column type=&#8220;4_4&#8243; _builder_version=&#8220;4.16&#8243; custom_padding=&#8220;|||&#8220; global_colors_info=&#8220;{}&#8220; custom_padding__hover=&#8220;|||&#8220;][et_pb_text _builder_version=&#8220;4.27.4&#8243; background_size=&#8220;initial&#8220; background_position=&#8220;top_left&#8220; background_repeat=&#8220;repeat&#8220; custom_margin=&#8220;||7px|||&#8220; hover_enabled=&#8220;0&#8243; saved_tabs=&#8220;all&#8220; global_colors_info=&#8220;{}&#8220; sticky_enabled=&#8220;0&#8243;]<span style=\"font-weight: 400;\">Dieser Vertrag ist ausschlie\u00dflich in englischer Sprache verfasst, und die englische Fassung ist in jeder Hinsicht und in allen F\u00e4llen ma\u00dfgebend. Alle anderen Sprachfassungen dienen daher lediglich Informationszwecken und sind f\u00fcr die Vertragsparteien nicht bindend.<\/p>\n<h1>Datenschutzrichtlinie von Qustodio<\/h1>\n<p>&nbsp;<\/p>\n<p>Letzte Aktualisierung: [2025 12 18]<\/p>\n<p><span style=\"font-weight: 400;\">Qustodio Technologies S.L. (das \u201eUnternehmen\u201c oder \u201ewir\u201c) verpflichtet sich, die Privatsph\u00e4re aller Besucher unserer Website (dev.qustodio.com) zu respektieren und zu sch\u00fctzen. Diese Datenschutzerkl\u00e4rung erl\u00e4utert unsere Vorgehensweise hinsichtlich der Verwendung personenbezogener Daten, die \u00fcber unsere Website erhoben und verarbeitet oder uns auf anderem Wege per E-Mail oder \u00fcber andere, mit unserer Website verlinkte Websites \u00fcbermittelt werden. Bitte beachten Sie, dass diese Datenschutzerkl\u00e4rung nicht die Verarbeitung personenbezogener Daten regelt, die \u00fcber unsere Dienste erhoben werden. Weitere Informationen zur Verarbeitung der Daten unserer Nutzer finden Sie in den Nutzungsbedingungen unserer Dienste.<\/span><\/p>\n<p><span style=\"font-weight: 400;\">Verantwortlicher f\u00fcr die Verarbeitung der von Ihnen bereitgestellten Daten ist Qustodio Technologies SL mit Sitz in der Roger de Flor Stra\u00dfe 193, bajos, 08013 Barcelona, \u200b\u200bSpanien.<\/span><\/p>\n<p><span style=\"font-weight: 400;\">Sie k\u00f6nnen sich an den Datenschutzbeauftragten wenden, um Anregungen, Fragen, Zweifel oder Beschwerden zum Datenschutz schriftlich an folgende Adresse zu senden: <a href=\"mailto:dpo@qustodio.com\">dpo@qustodio.com<\/a><\/span><\/p>\n<p><span style=\"font-weight: 600;\"> 1. Zustimmung des Nutzers zu dieser Datenschutzrichtlinie<\/span><\/p>\n<p><span style=\"font-weight: 400;\"> Durch den Zugriff auf oder die Nutzung unserer Website, insbesondere durch die \u00dcbermittlung Ihrer pers\u00f6nlichen Daten an uns oder die Kontaktaufnahme mit uns aus irgendeinem Grund, sind Sie verpflichtet, diese Datenschutzrichtlinie ausdr\u00fccklich zu akzeptieren und uns, falls erforderlich, Ihre volle Einwilligung zur Erhebung, Speicherung und Verarbeitung der von Ihnen verwalteten personenbezogenen Daten gem\u00e4\u00df den Bestimmungen dieser Richtlinie zu erteilen, einschlie\u00dflich des Versands elektronischer Mitteilungen, falls erforderlich.<\/span><\/p>\n<p><span style=\"font-weight: 600;\"> 2. Erhebung personenbezogener Daten<\/span><\/p>\n<p><span style=\"font-weight: 600;\"> Kontaktdaten: <span style=\"font-weight: 400;\">Wenn Sie uns eine E-Mail mit personenbezogenen Daten \u00fcber Sie oder Dritte senden, werden wir die von Ihnen \u00fcbermittelten personenbezogenen Daten verarbeiten.<\/span><\/span><\/p>\n<p><span style=\"font-weight: 600;\"> Navigationsdaten: <span style=\"font-weight: 400;\"> Aufgrund der Internet-Kommunikationsstandards erhalten wir beim Besuch unserer Website automatisch die URL der Website, von der Sie gekommen sind, und die Website, die Sie nach dem Verlassen unserer Website besuchen. Wir erhalten au\u00dferdem die IP-Adresse Ihres Computers und den von Ihnen verwendeten Browsertyp. Wir nutzen diese Informationen, um allgemeine Trends zu analysieren und unseren Service zu verbessern. Diese Informationen werden ohne Ihre Einwilligung nicht an Dritte weitergegeben. Abgesehen von den oben genannten Daten und wie in unserer Cookie-Richtlinie beschrieben, erheben wir keine personenbezogenen Daten, solange Sie unsere Website lediglich besuchen.<\/span><\/span><\/p>\n<p><span style=\"font-weight: 600;\">3. Rechtsgrundlage<\/span><\/p>\n<p><span style=\"font-weight: 400;\">Die Rechtsgrundlagen dieser Verarbeitung sind:<\/span><\/p>\n<ul>\n<li><span style=\"font-weight: 400;\">Unser berechtigtes Interesse besteht darin, die von Ihnen angeforderten Dienste zu verwalten und die gew\u00fcnschten Ma\u00dfnahmen durchzuf\u00fchren. Wir ber\u00fccksichtigen alle m\u00f6glichen Auswirkungen (sowohl positive als auch negative) auf Sie und Ihre Rechte, bevor wir Ihre Daten f\u00fcr unser berechtigtes Interesse verarbeiten.<\/span><\/li>\n<li><span style=\"font-weight: 400;\">In bestimmten F\u00e4llen, um einer uns obliegenden rechtlichen Verpflichtung nachzukommen.<\/span><\/li>\n<\/ul>\n<p><span style=\"font-weight: 600;\"> 4. Verwendung personenbezogener Daten<\/span><\/p>\n<p><span style=\"font-weight: 400;\">Wir verwenden Ihre personenbezogenen Daten f\u00fcr folgende Zwecke:<\/span><\/p>\n<ul>\n<li><span style=\"font-weight: 400;\">Wir kontaktieren Sie und personalisieren Ihr Erlebnis<\/span><\/li>\n<li><span style=\"font-weight: 400;\">Verwaltung des von Ihnen angeforderten Dienstes oder der Aktion<\/span><\/li>\n<li><span style=\"font-weight: 400;\">Verbessern Sie unsere Website und unsere Dienstleistungen<\/span><\/li>\n<\/ul>\n<p>[\/et_pb_text][et_pb_text _builder_version=&#8220;4.27.4&#8243; background_size=&#8220;initial&#8220; background_position=&#8220;top_left&#8220; background_repeat=&#8220;repeat&#8220; hover_enabled=&#8220;0&#8243; saved_tabs=&#8220;all&#8220; global_colors_info=&#8220;{}&#8220; sticky_enabled=&#8220;0&#8243;]<span style=\"font-weight: 600;\">5. Offenlegung von Daten<\/span><\/p>\n<p><span style=\"font-weight: 400;\">Wir behandeln Ihre personenbezogenen Daten streng vertraulich und gem\u00e4\u00df geltendem Recht. Sofern nicht anders angegeben, werden Ihre personenbezogenen Daten nicht an Dritte weitergegeben. Wir verkaufen oder \u00fcbertragen weder Listen mit personenbezogenen Daten noch sonstige Daten an Dritte.<\/span><\/p>\n<p><span style=\"font-weight: 400;\">Dennoch k\u00f6nnen wir Daten wie folgt offenlegen:<\/span><\/p>\n<ul>\n<li><span style=\"font-weight: 400;\">Wir k\u00f6nnen Ihre personenbezogenen Daten jedem Unternehmen zur Verf\u00fcgung stellen, das am Kauf des Unternehmens oder eines Teils seines Gesch\u00e4fts interessiert ist oder dieses tats\u00e4chlich kauft, und folglich jedem nationalen oder internationalen Wirtschaftspr\u00fcfer Zugang gew\u00e4hren, um die sogenannte \u201eDue Diligence\u201c durchzuf\u00fchren..<\/span><\/li>\n<li><span style=\"font-weight: 400;\">Wir k\u00f6nnen Ihre personenbezogenen Daten an andere Unternehmen unserer Unternehmensgruppe weitergeben.<\/span><\/li>\n<li><span style=\"font-weight: 400;\">Wir k\u00f6nnen unseren Dienstleistern Zugriff auf Ihre personenbezogenen Daten gew\u00e4hren, wenn wir dies nach vern\u00fcnftigem Ermessen f\u00fcr die Erbringung unserer Dienstleistungen als notwendig erachten.<\/span><\/li>\n<li><span style=\"font-weight: 400;\">Wir verlangen von allen Drittanbietern, dass sie die Sicherheit Ihrer personenbezogenen Daten wahren und diese gesetzeskonform verarbeiten. Wir gestatten unseren externen Dienstleistern nicht, Ihre personenbezogenen Daten f\u00fcr eigene Zwecke zu verwenden, sondern nur f\u00fcr bestimmte Zwecke und gem\u00e4\u00df unseren Anweisungen.<\/span><\/li>\n<\/ul>\n<p><span style=\"font-weight: 600;\">6. Internationale \u00dcberweisungen<\/span><\/p>\n<p><span style=\"font-weight: 400;\">Wir nutzen technologische Dienstleistungen von Drittanbietern f\u00fcr die Bereitstellung unserer Dienste und unserer Website. Diese Anbieter k\u00f6nnen Ihre im Rahmen ihrer unten aufgef\u00fchrten Dienstleistungen erhobenen Daten als Unterauftragnehmer verarbeiten. Diese Unternehmen k\u00f6nnen in L\u00e4ndern ans\u00e4ssig sein, die im Allgemeinen keinen angemessenen Schutz personenbezogener Daten gew\u00e4hrleisten. F\u00fcr alle Unternehmen au\u00dferhalb des Europ\u00e4ischen Wirtschaftsraums haben wir Vertr\u00e4ge abgeschlossen, die entsprechende Schutzma\u00dfnahmen, einschlie\u00dflich der EU-Standardvertragsklauseln, beinhalten.<\/span><\/p>\n<p><span style=\"font-weight: 600;\">7. Sicherheitsma\u00dfnahmen<\/span><\/p>\n<p><span style=\"font-weight: 400;\">Wir setzen Sicherheitsma\u00dfnahmen und Datenschutzsysteme gem\u00e4\u00df den gesetzlichen Bestimmungen ein, um die Vertraulichkeit und Integrit\u00e4t Ihrer Daten zu gew\u00e4hrleisten und sie vor unberechtigtem Zugriff, \u00c4nderung oder Zerst\u00f6rung zu sch\u00fctzen.<\/span><\/p>\n<p><span style=\"font-weight: 600;\">8. Datenaufbewahrung<\/span><\/p>\n<p><span style=\"font-weight: 400;\">Wir speichern Ihre personenbezogenen Daten nur so lange, wie es zur Erf\u00fcllung der Zwecke, f\u00fcr die wir sie erhoben haben, erforderlich ist. Dies umfasst die Erf\u00fcllung gesetzlicher, buchhalterischer oder melderechtlicher Anforderungen oder die Deaktivierung Ihres Kontos durch Sie oder uns. Nach Ablauf dieser Frist werden die Daten (gesperrt und sicher) f\u00fcr die gesetzlich und verwaltungsrechtlich vorgeschriebene Dauer sowie zur Erf\u00fcllung der oben genannten rechtlichen Verpflichtungen und sonstigen Zwecke aufbewahrt. Diese Aufbewahrungsdauer kann gem\u00e4\u00df geltendem Recht bis zu 10 Jahre betragen..<\/span><\/p>\n<p><span style=\"font-weight: 600;\">9. Benutzerrechte<\/span><\/p>\n<p><span style=\"font-weight: 400;\">Sie werden dar\u00fcber informiert, dass Sie jederzeit Ihr Recht auf Daten\u00fcbertragbarkeit Ihrer an uns \u00fcbermittelten Daten, auf Auskunft, Berichtigung, L\u00f6schung, Sperrung und Widerspruch gegen die Verarbeitung Ihrer personenbezogenen Daten aus\u00fcben k\u00f6nnen, indem Sie eine E-Mail-Anfrage an folgende Adresse senden: <a href=\"mailto:dpo@qustodio.com\">dpo@qustodio.com<\/a>oder schriftlich an Qustodio Technologies SL, Roger de Flor Stra\u00dfe 193, bajos, 08013 Barcelona, \u200b\u200bSpanien. Sie k\u00f6nnen Ihre Einwilligung zur Datenverarbeitung jederzeit widerrufen, wenn wir Ihre Inhalte als Rechtsgrundlage f\u00fcr die Verarbeitung Ihrer Daten nutzen. Der Widerruf hat keine r\u00fcckwirkenden Auswirkungen, kann aber die Bereitstellung bestimmter Dienste verhindern.<\/span><\/p>\n<p><span style=\"font-weight: 400;\">Sie haben au\u00dferdem das Recht, eine Beschwerde bei einer Aufsichtsbeh\u00f6rde einzureichen, in diesem Fall bei der spanischen Datenschutzbeh\u00f6rde (Agencia Espa\u00f1ola de Protecci\u00f3n de Datos), C\/ Jorge Juan, 6, 28001 Madrid, Spanien.<\/span><\/p>\n<p><span style=\"font-weight: 600;\">10. Allgemein<\/span><\/p>\n<p><span style=\"font-weight: 400;\">Wir behalten uns das Recht vor, die Bestimmungen dieser Datenschutzrichtlinie zu \u00e4ndern und werden Sie \u00fcber diese \u00c4nderungen per E-Mail, auf unserer Website und in dieser Datenschutzrichtlinie deutlich informieren. Wenn Sie unsere Website nach einer solchen Aktualisierung weiterhin nutzen oder darauf zugreifen, gelten die neuen Bestimmungen als von Ihnen akzeptiert. Sollten Sie die Aktualisierung nicht akzeptieren, benachrichtigen Sie uns bitte. Wir werden dann Ihr Konto bei uns k\u00fcndigen und Ihre personenbezogenen Daten l\u00f6schen (sofern diese nicht aus rechtlichen Gr\u00fcnden aufbewahrt werden m\u00fcssen). Sie k\u00f6nnen die von Ihnen abonnierten Dienste dann nicht mehr nutzen. <\/span><\/p>\n<p><span style=\"font-weight: 400;\">Sofern keine spezifische lokale, zwingend anwendbare Regelung etwas anderes vorsieht, unterliegt die Datenschutzrichtlinie dem spanischen Recht.<\/span>[\/et_pb_text][\/et_pb_column][\/et_pb_row][\/et_pb_section]<\/p>\n","protected":false},"excerpt":{"rendered":"<p>Dieser Vertrag ist ausschlie\u00dflich in englischer Sprache verfasst, und die englische Fassung ist in jeder Hinsicht und in allen F\u00e4llen ma\u00dfgebend. Alle anderen Sprachfassungen dienen daher lediglich Informationszwecken und sind f\u00fcr die Vertragsparteien nicht bindend. Datenschutzrichtlinie von Qustodio &nbsp; Letzte Aktualisierung: [2025 12 18] Qustodio Technologies S.L. (das \u201eUnternehmen\u201c oder \u201ewir\u201c) verpflichtet sich, die Privatsph\u00e4re [&hellip;]<\/p>\n","protected":false},"author":4,"featured_media":0,"parent":0,"menu_order":0,"comment_status":"closed","ping_status":"open","template":"","meta":{"_acf_changed":false,"_et_pb_use_builder":"on","_et_pb_old_content":"<!-- wp:heading -->\r\n<h1>Qustodio Privacy Policy<\/h1>\r\n<p>Qustodio Technologies S.L. (the \u201cCompany\u201d or \u201cWe\/us\u201d) is committed to respecting and protecting the privacy of all visitors of our Website (dev.qustodio.com) This Privacy Policy explains our practices regarding the use of personal data collected and processed through our Website or otherwise provided to us by email or via other websites that link to us. Please note that this privacy policy doesn\u2019t regulate the processing of personal data collected through our services, if you want to know more about how we process our users\u2019 data, please read the legal terms of our services.<\/p>\r\n<p>The data controller of the data you provide us with is Qustodio Technologies SL, with domicile at Roger de Flor Street, 193, bajos, 08013 Barcelona, Spain.<\/p>\r\n<p>You can contact the Data Protection Officer to send any suggestions, queries, doubts or complaints regarding data protection by writing to:\u00a0<a href=\"mailto:dpo@qustodio.com\">dpo@qustodio.com<\/a><\/p>\r\n<p><strong>1. User acceptance of this Privacy Policy<\/strong><\/p>\r\n<p>By accessing to or using our Website, and in particular by providing your personal information to us, or contacting us for any reason, you are required to explicitly accept this Privacy Policy and provide us with full consent, when needed, to the collection, storage and processing of personal data for which you are responsible in accordance with the terms set out in this policy, including the sending of electronic communications, as the case may be.<\/p>\r\n<p><strong>2. Personal data collection<\/strong>\u00a0<strong>Contact data:<\/strong>\u00a0If you send us any email with personal data about you or a third party, we will process the personal data you send us.<\/p>\r\n<p><strong>Navigation data.<\/strong>\u00a0Due to internet communication standards, when you visit our Website we automatically receive the URL of the site you came from and the site you visit when you leave our website. We also receive the Internet Protocol (\"IP\") address of your computer and the type of browser you are using. We use this information to analyze overall trends to improve the service. This information is not shared with third parties without your consent. Other than the above, and as stated in our\u00a0<a href=\"https:\/\/dev.qustodio.com\/en\/cookie-policy\/\">cookie policy<\/a>, we do not collect any personal data if you are only browsing the website.<\/p>\r\n<p><strong>3. Legal basis<\/strong>\u00a0The legal bases of this processing are:<\/p>\r\n<ul>\r\n<li>Our legitimate interest to manage the services and carry out the actions that you are requesting us. We consider any possible impact (both positive and negative) on you and on your rights before processing your data for our legitimate interest.<\/li>\r\n<li>In specific circumstances, to comply with a legal obligation we are subject to.<\/li>\r\n<\/ul>\r\n<p><strong>4. Use of personal data<\/strong>\u00a0We use your personal data to:<\/p>\r\n<ul>\r\n<li>Contact you and personalise your experience<\/li>\r\n<li>Managing the service or action you are requesting us<\/li>\r\n<li>Improve our website and services<\/li>\r\n<\/ul>\r\n<p><strong>5. Data disclosure<\/strong>\u00a0We treat your personal data with strict confidentiality in accordance with applicable law. Unless otherwise indicated, your personal data will not be provided to third parties. We do not sell or assign to third parties lists with personal data, nor of any other type.<\/p>\r\n<p>Nonetheless, we may disclose data as follows:<\/p>\r\n<ul>\r\n<li>We can make your personal data available to any company interested in buying, or actually buying, the Company or a part of its business and, consequently, give access to any national or international auditors to carry out the so called \"due diligence\".<\/li>\r\n<li>We can share your personal data with other companies of our group of companies.<\/li>\r\n<li>We may give access to your personal data to our service providers if we reasonably consider such access and processing necessary to the performance of our services. We require that all third parties respect the security of your personal data and process them in accordance with the law. We do not allow our external service providers to use your personal data for their own purposes and we only allow them to process your personal data for specific purposes and in accordance with our instructions.<\/li>\r\n<\/ul>\r\n<p><strong>6. International transfers<\/strong>\u00a0We use third party technological services for the provision of services and Website, whose providers may process your data collected in the course of providing us their services indicated below, as sub-processors. These entities may be in jurisdictions that generally don\u2019t provide adequate safeguards in relation to the processing of personal data. For all entities outside the Economic European Area, we have entered into contracts with such entities that do include such safeguards, including the EC model clauses.<\/p>\r\n<p><strong>7. Security Measures<\/strong>\u00a0We implement security measures and personal data protection schemes as required by law to maintain the confidentiality and integrity of your data and protection against unauthorised access, modification or destruction.<\/p>\r\n<p><strong>8. Data Retention.<\/strong>\u00a0We will only retain your personal data for as long as necessary to fulfil the purposes we collected it for, including for the purposes of satisfying any legal, accounting, or reporting requirements, or until the deactivation of your account either by you or by us. After that period, the data will be retained (in a blocked and secure manner) for the required period of legal and administrative liability and to comply with legal obligations and other purposes set out above, which may be up to 10 years according to current applicable law.<\/p>\r\n<p><strong>9. User Rights<\/strong>\u00a0You are informed you may exercise at any time right to the portability of your data sent to us, to access, rectify, erase, block and oppose any processing of your personal data by sending an email request to\u00a0<a href=\"mailto:dpo@qustodio.com\">dpo@qustodio.com<\/a>\u00a0or by writing to Qustodio Technologies SL, with domicile at Roger de Flor Street, 193, bajos, 08013 Barcelona, Spain. You can also withdraw your consent to our processing at any time, when we use your content as legal basis for processing your data. Withdrawal will not have retroactive effects but may prevent providing certain services.<\/p>\r\n<p>You also have the right to lodge a complaint with a supervisory authority, in this case the Spanish Data Protection Agency (Agencia Espa\u00f1ola de Protecci\u00f3n de Datos), C\/ Jorge Juan, 6, 28001 Madrid, Spain.<\/p>\r\n<p><strong>10. General<\/strong>\u00a0We reserve the right to amend the terms of this Privacy Policy and will notify you by providing a clear notice of these changes by email or on our website, and in this Privacy Policy. If you continue to use and\/or access our Website after such update, you will be deemed to accept the new terms. If you do not accept the update, please notify us and we will terminate any account you may have with us, and remove any of your personal data (except as required to be maintained for legal purposes), and you will not be able to continue to use services to which you have subscribed.<\/p>\r\n<p>Unless a specific local regulation of mandatory application provides otherwise, the Privacy Policy is governed by the laws of Spain.<\/p>\r\n<!-- \/wp:paragraph -->","_et_gb_content_width":"","footnotes":""},"class_list":["post-20838","page","type-page","status-publish","hentry"],"acf":[],"yoast_head":"<!-- This site is optimized with the Yoast SEO Premium plugin v25.8 (Yoast SEO v25.8) - https:\/\/yoast.com\/wordpress\/plugins\/seo\/ -->\n<title>Privacy Policy | Qustodio<\/title>\n<meta name=\"robots\" content=\"noindex, follow, max-snippet:-1, max-image-preview:large, max-video-preview:-1\" \/>\n<meta property=\"og:locale\" content=\"de_DE\" \/>\n<meta property=\"og:type\" content=\"article\" \/>\n<meta property=\"og:title\" content=\"Privacy Policy\" \/>\n<meta property=\"og:url\" content=\"https:\/\/dev.qustodio.com\/de\/privacy\/\" \/>\n<meta property=\"og:site_name\" content=\"Qustodio\" \/>\n<meta property=\"article:modified_time\" content=\"2025-12-18T14:13:57+00:00\" \/>\n<meta name=\"twitter:card\" content=\"summary_large_image\" \/>\n<meta name=\"twitter:label1\" content=\"Est. reading time\" \/>\n\t<meta name=\"twitter:data1\" content=\"6 Minuten\" \/>\n<script type=\"application\/ld+json\" class=\"yoast-schema-graph\">{\"@context\":\"https:\/\/schema.org\",\"@graph\":[{\"@type\":\"WebPage\",\"@id\":\"https:\/\/dev.qustodio.com\/de\/privacy\/\",\"url\":\"https:\/\/dev.qustodio.com\/de\/privacy\/\",\"name\":\"Privacy Policy | Qustodio\",\"isPartOf\":{\"@id\":\"https:\/\/dev.qustodio.com\/de\/#website\"},\"datePublished\":\"2021-06-22T09:59:16+00:00\",\"dateModified\":\"2025-12-18T14:13:57+00:00\",\"inLanguage\":\"de-DE\",\"potentialAction\":[{\"@type\":\"ReadAction\",\"target\":[\"https:\/\/dev.qustodio.com\/de\/privacy\/\"]}]},{\"@type\":\"WebSite\",\"@id\":\"https:\/\/dev.qustodio.com\/de\/#website\",\"url\":\"https:\/\/dev.qustodio.com\/de\/\",\"name\":\"Qustodio\",\"description\":\"Free parental control app\",\"potentialAction\":[{\"@type\":\"SearchAction\",\"target\":{\"@type\":\"EntryPoint\",\"urlTemplate\":\"https:\/\/dev.qustodio.com\/de\/?s={search_term_string}\"},\"query-input\":{\"@type\":\"PropertyValueSpecification\",\"valueRequired\":true,\"valueName\":\"search_term_string\"}}],\"inLanguage\":\"de-DE\"}]}<\/script>\n<!-- \/ Yoast SEO Premium plugin. -->","yoast_head_json":{"title":"Privacy Policy | Qustodio","robots":{"index":"noindex","follow":"follow","max-snippet":"max-snippet:-1","max-image-preview":"max-image-preview:large","max-video-preview":"max-video-preview:-1"},"og_locale":"de_DE","og_type":"article","og_title":"Privacy Policy","og_url":"https:\/\/dev.qustodio.com\/de\/privacy\/","og_site_name":"Qustodio","article_modified_time":"2025-12-18T14:13:57+00:00","twitter_card":"summary_large_image","twitter_misc":{"Est. reading time":"6 Minuten"},"schema":{"@context":"https:\/\/schema.org","@graph":[{"@type":"WebPage","@id":"https:\/\/dev.qustodio.com\/de\/privacy\/","url":"https:\/\/dev.qustodio.com\/de\/privacy\/","name":"Privacy Policy | Qustodio","isPartOf":{"@id":"https:\/\/dev.qustodio.com\/de\/#website"},"datePublished":"2021-06-22T09:59:16+00:00","dateModified":"2025-12-18T14:13:57+00:00","inLanguage":"de-DE","potentialAction":[{"@type":"ReadAction","target":["https:\/\/dev.qustodio.com\/de\/privacy\/"]}]},{"@type":"WebSite","@id":"https:\/\/dev.qustodio.com\/de\/#website","url":"https:\/\/dev.qustodio.com\/de\/","name":"Qustodio","description":"Free parental control app","potentialAction":[{"@type":"SearchAction","target":{"@type":"EntryPoint","urlTemplate":"https:\/\/dev.qustodio.com\/de\/?s={search_term_string}"},"query-input":{"@type":"PropertyValueSpecification","valueRequired":true,"valueName":"search_term_string"}}],"inLanguage":"de-DE"}]}},"_links":{"self":[{"href":"https:\/\/dev.qustodio.com\/de\/wp-json\/wp\/v2\/pages\/20838","targetHints":{"allow":["GET"]}}],"collection":[{"href":"https:\/\/dev.qustodio.com\/de\/wp-json\/wp\/v2\/pages"}],"about":[{"href":"https:\/\/dev.qustodio.com\/de\/wp-json\/wp\/v2\/types\/page"}],"author":[{"embeddable":true,"href":"https:\/\/dev.qustodio.com\/de\/wp-json\/wp\/v2\/users\/4"}],"replies":[{"embeddable":true,"href":"https:\/\/dev.qustodio.com\/de\/wp-json\/wp\/v2\/comments?post=20838"}],"version-history":[{"count":15,"href":"https:\/\/dev.qustodio.com\/de\/wp-json\/wp\/v2\/pages\/20838\/revisions"}],"predecessor-version":[{"id":97982,"href":"https:\/\/dev.qustodio.com\/de\/wp-json\/wp\/v2\/pages\/20838\/revisions\/97982"}],"wp:attachment":[{"href":"https:\/\/dev.qustodio.com\/de\/wp-json\/wp\/v2\/media?parent=20838"}],"curies":[{"name":"wp","href":"https:\/\/api.w.org\/{rel}","templated":true}]}}