{"id":1737,"date":"2021-07-29T07:50:00","date_gmt":"2021-07-29T07:50:00","guid":{"rendered":"https:\/\/dev.qustodio.com\/legal-notice\/"},"modified":"2025-03-27T15:57:28","modified_gmt":"2025-03-27T15:57:28","slug":"legal-notice","status":"publish","type":"page","link":"https:\/\/dev.qustodio.com\/fr\/legal-notice\/","title":{"rendered":"Legal notice"},"content":{"rendered":"<p>[et_pb_section fb_built=\u00a0\u00bb1&Prime; _builder_version=\u00a0\u00bb4.16&Prime; _module_preset=\u00a0\u00bbdefault\u00a0\u00bb da_disable_devices=\u00a0\u00bboff|off|off\u00a0\u00bb global_colors_info=\u00a0\u00bb{}\u00a0\u00bb da_is_popup=\u00a0\u00bboff\u00a0\u00bb da_exit_intent=\u00a0\u00bboff\u00a0\u00bb da_has_close=\u00a0\u00bbon\u00a0\u00bb da_alt_close=\u00a0\u00bboff\u00a0\u00bb da_dark_close=\u00a0\u00bboff\u00a0\u00bb da_not_modal=\u00a0\u00bbon\u00a0\u00bb da_is_singular=\u00a0\u00bboff\u00a0\u00bb da_with_loader=\u00a0\u00bboff\u00a0\u00bb da_has_shadow=\u00a0\u00bbon\u00a0\u00bb][et_pb_row _builder_version=\u00a0\u00bb4.16&Prime; _module_preset=\u00a0\u00bbdefault\u00a0\u00bb global_colors_info=\u00a0\u00bb{}\u00a0\u00bb][et_pb_column type=\u00a0\u00bb4_4&Prime; _builder_version=\u00a0\u00bb4.16&Prime; _module_preset=\u00a0\u00bbdefault\u00a0\u00bb global_colors_info=\u00a0\u00bb{}\u00a0\u00bb][et_pb_text _builder_version=\u00a0\u00bb4.24.0&Prime; _module_preset=\u00a0\u00bbdefault\u00a0\u00bb hover_enabled=\u00a0\u00bb0&Prime; global_colors_info=\u00a0\u00bb{}\u00a0\u00bb sticky_enabled=\u00a0\u00bb0&Prime;]<\/p>\n<h1>Mentions l\u00e9gales<\/h1>\n<h2>Qui nous sommes<\/h2>\n<p>Vous acc\u00e9dez au site Web de Qustodio Technologies S.L. (\u00ab\u00a0Qustodio\u00a0\u00bb, la \u00a0\u00bb Soci\u00e9t\u00e9\u00a0\u00bb ou nous) disponible \u00e0 l&rsquo;adresse<span>\u00a0<\/span><a href=\"https:\/\/dev.qustodio.com\/\">dev.qustodio.com<\/a><span>\u00a0<\/span>(ci-apr\u00e8s le \u00ab\u00a0Site Web\u00a0\u00bb).<\/p>\n<p>Qustodio Technologies S.L., dont le si\u00e8ge social est situ\u00e9 rue Roger de Flor, 193, 08013 Barcelone, Espagne, poss\u00e8de le num\u00e9ro d&rsquo;identification fiscale espagnol B-65825523 et est inscrite au Registre du Commerce de Barcelone, volume 38188, page B322132, page 78. Vous pouvez nous contacter \u00e0 l&rsquo;adresse suivante :<span>\u00a0<\/span><a href=\"mailto:info@qustodio.com\">info@qustodio.com<\/a>.<\/p>\n<h2>Propri\u00e9t\u00e9 intellectuelle et industrielle<\/h2>\n<p>Tous les droits de propri\u00e9t\u00e9 intellectuelle sur le contenu de ce site web, y compris, sans s&rsquo;y limiter, les images, marques, logos, signes distinctifs, sons et animations, textes, enregistrements sonores, visuels et audiovisuels, ainsi que les bases de donn\u00e9es, appartiennent \u00e0 la Soci\u00e9t\u00e9 ou \u00e0 ses conc\u00e9dants et sont prot\u00e9g\u00e9s par les lois nationales et internationales. Ces droits sont r\u00e9serv\u00e9s \u00e0 la Soci\u00e9t\u00e9 et\/ou \u00e0 ses conc\u00e9dants. Toute reproduction, copie, publication, distribution, modification, transformation, suppression, manipulation et toute autre utilisation, avec ou sans but lucratif, de tout ou partie de ce site web ou de son contenu, sans l&rsquo;autorisation \u00e9crite pr\u00e9alable de la Soci\u00e9t\u00e9, est express\u00e9ment interdite. Qustodio se r\u00e9serve le droit d&rsquo;engager toute action judiciaire et\/ou extrajudiciaire qu&rsquo;elle juge appropri\u00e9e en cas de violation de ses droits.<\/p>\n<h2>Responsabilit\u00e9<\/h2>\n<p>Qustodio n&rsquo;est pas responsable des pages Web de tiers accessibles \u00e0 partir du site Web, ni de l&rsquo;exactitude, de la v\u00e9racit\u00e9 et de la validit\u00e9 des informations du site Web qui ne sont pas de sa propre \u00e9laboration.<\/p>\n<p>Toutefois, en vertu de l&rsquo;article 17 de la loi espagnole 34\/2002, dans le cas o\u00f9 Qustodio aurait connaissance de l&rsquo;ill\u00e9galit\u00e9 de ces contenus ou liens, elle s&rsquo;engage \u00e0 supprimer ou \u00e0 d\u00e9sactiver les liens, ainsi que, le cas \u00e9ch\u00e9ant, \u00e0 bloquer les contenus qui pourraient \u00eatre illicites ou porter atteinte aux droits de tiers, conform\u00e9ment aux articles 11 et 16 de la loi mentionn\u00e9e.<\/p>\n<p>De plus, la Soci\u00e9t\u00e9 d\u00e9cline toute responsabilit\u00e9 quant aux dommages pouvant survenir en raison de pannes ou de mauvaises configurations du navigateur install\u00e9 par l&rsquo;utilisateur sur son ordinateur. Qustodio d\u00e9cline toute responsabilit\u00e9 en cas d&rsquo;incident technique ou de panne survenant lors de la connexion de l&rsquo;utilisateur \u00e0 Internet. De m\u00eame, l&rsquo;absence d&rsquo;interruptions ou d&rsquo;erreurs lors de l&rsquo;acc\u00e8s au site web n&rsquo;est pas garantie.<\/p>\n<p>De m\u00eame, Qustodio se r\u00e9serve le droit de mettre \u00e0 jour, de modifier ou de supprimer les informations contenues dans son site Web, ainsi que sa configuration ou sa pr\u00e9sentation, \u00e0 tout moment sans assumer aucune responsabilit\u00e9 \u00e0 cet \u00e9gard.<\/p>\n<h2>Protection des donn\u00e9es personnelles<\/h2>\n<p>Nous traiterons vos donn\u00e9es personnelles collect\u00e9es sur notre site Web ou lorsque vous nous contactez par courrier \u00e9lectronique conform\u00e9ment \u00e0 nos<span>\u00a0<\/span><a href=\"https:\/\/dev.qustodio.com\/en\/privacy\/\">politique de confidentialit\u00e9<\/a>.<\/p>\n<h2>Cookies<\/h2>\n<p>Sur notre site Web, nous utilisons des cookies, veuillez consulter notre<span>\u00a0<\/span><a href=\"https:\/\/dev.qustodio.com\/en\/cookie-policy\/\">Politique en mati\u00e8re de cookies<br \/><\/a><span>\u00a0<\/span>pour plus de d\u00e9tails.<\/p>\n<h2>Services familiaux Qustodio<\/h2>\n<p>Les services offerts par Qustodio Family sont r\u00e9glement\u00e9s par les lois sp\u00e9cifiques<br \/><span>\u00a0<\/span><a href=\"https:\/\/dev.qustodio.com\/en\/family\/terms\/\">Termes et conditions<\/a><span>\u00a0<\/span>et<span>\u00a0<\/span><a href=\"https:\/\/dev.qustodio.com\/en\/family\/privacy\/\">politique de confidentialit\u00e9<br \/><\/a><\/p>\n<h2>Applicable law and jurisdiction<\/h2>\n<p>Les pr\u00e9sentes mentions l\u00e9gales, y compris notre politique de confidentialit\u00e9 et notre politique relative aux cookies, sont r\u00e9gies par le droit espagnol. Les tribunaux de Barcelone sont comp\u00e9tents pour trancher tout litige d\u00e9coulant de l&rsquo;utilisation de notre site web.<\/p>\n<p>[\/et_pb_text][\/et_pb_column][\/et_pb_row][\/et_pb_section]<\/p>\n","protected":false},"excerpt":{"rendered":"<p>Mentions l\u00e9gales Qui nous sommes Vous acc\u00e9dez au site Web de Qustodio Technologies S.L. (\u00ab\u00a0Qustodio\u00a0\u00bb, la \u00a0\u00bb Soci\u00e9t\u00e9\u00a0\u00bb ou nous) disponible \u00e0 l&rsquo;adresse\u00a0dev.qustodio.com\u00a0(ci-apr\u00e8s le \u00ab\u00a0Site Web\u00a0\u00bb). Qustodio Technologies S.L., dont le si\u00e8ge social est situ\u00e9 rue Roger de Flor, 193, 08013 Barcelone, Espagne, poss\u00e8de le num\u00e9ro d&rsquo;identification fiscale espagnol B-65825523 et est inscrite au Registre [&hellip;]<\/p>\n","protected":false},"author":4,"featured_media":0,"parent":0,"menu_order":0,"comment_status":"closed","ping_status":"closed","template":"","meta":{"_acf_changed":false,"_et_pb_use_builder":"on","_et_pb_old_content":"","_et_gb_content_width":"","footnotes":""},"class_list":["post-1737","page","type-page","status-publish","hentry"],"acf":[],"yoast_head":"<!-- This site is optimized with the Yoast SEO Premium plugin v25.8 (Yoast SEO v25.8) - https:\/\/yoast.com\/wordpress\/plugins\/seo\/ -->\n<title>Legal notice | Qustodio<\/title>\n<meta name=\"robots\" content=\"noindex, follow, max-snippet:-1, max-image-preview:large, max-video-preview:-1\" \/>\n<meta property=\"og:locale\" content=\"fr_FR\" \/>\n<meta property=\"og:type\" content=\"article\" \/>\n<meta property=\"og:title\" content=\"Legal notice\" \/>\n<meta property=\"og:url\" content=\"https:\/\/dev.qustodio.com\/fr\/legal-notice\/\" \/>\n<meta property=\"og:site_name\" content=\"Qustodio\" \/>\n<meta property=\"article:modified_time\" content=\"2025-03-27T15:57:28+00:00\" \/>\n<meta name=\"twitter:card\" content=\"summary_large_image\" \/>\n<meta name=\"twitter:label1\" content=\"Est. reading time\" \/>\n\t<meta name=\"twitter:data1\" content=\"3 minutes\" \/>\n<script type=\"application\/ld+json\" class=\"yoast-schema-graph\">{\"@context\":\"https:\/\/schema.org\",\"@graph\":[{\"@type\":\"WebPage\",\"@id\":\"https:\/\/dev.qustodio.com\/fr\/legal-notice\/\",\"url\":\"https:\/\/dev.qustodio.com\/fr\/legal-notice\/\",\"name\":\"Legal notice | Qustodio\",\"isPartOf\":{\"@id\":\"https:\/\/dev.qustodio.com\/fr\/#website\"},\"datePublished\":\"2021-07-29T07:50:00+00:00\",\"dateModified\":\"2025-03-27T15:57:28+00:00\",\"inLanguage\":\"fr-FR\",\"potentialAction\":[{\"@type\":\"ReadAction\",\"target\":[\"https:\/\/dev.qustodio.com\/fr\/legal-notice\/\"]}]},{\"@type\":\"WebSite\",\"@id\":\"https:\/\/dev.qustodio.com\/fr\/#website\",\"url\":\"https:\/\/dev.qustodio.com\/fr\/\",\"name\":\"Qustodio\",\"description\":\"Free parental control app\",\"potentialAction\":[{\"@type\":\"SearchAction\",\"target\":{\"@type\":\"EntryPoint\",\"urlTemplate\":\"https:\/\/dev.qustodio.com\/fr\/?s={search_term_string}\"},\"query-input\":{\"@type\":\"PropertyValueSpecification\",\"valueRequired\":true,\"valueName\":\"search_term_string\"}}],\"inLanguage\":\"fr-FR\"}]}<\/script>\n<!-- \/ Yoast SEO Premium plugin. -->","yoast_head_json":{"title":"Legal notice | Qustodio","robots":{"index":"noindex","follow":"follow","max-snippet":"max-snippet:-1","max-image-preview":"max-image-preview:large","max-video-preview":"max-video-preview:-1"},"og_locale":"fr_FR","og_type":"article","og_title":"Legal notice","og_url":"https:\/\/dev.qustodio.com\/fr\/legal-notice\/","og_site_name":"Qustodio","article_modified_time":"2025-03-27T15:57:28+00:00","twitter_card":"summary_large_image","twitter_misc":{"Est. reading time":"3 minutes"},"schema":{"@context":"https:\/\/schema.org","@graph":[{"@type":"WebPage","@id":"https:\/\/dev.qustodio.com\/fr\/legal-notice\/","url":"https:\/\/dev.qustodio.com\/fr\/legal-notice\/","name":"Legal notice | Qustodio","isPartOf":{"@id":"https:\/\/dev.qustodio.com\/fr\/#website"},"datePublished":"2021-07-29T07:50:00+00:00","dateModified":"2025-03-27T15:57:28+00:00","inLanguage":"fr-FR","potentialAction":[{"@type":"ReadAction","target":["https:\/\/dev.qustodio.com\/fr\/legal-notice\/"]}]},{"@type":"WebSite","@id":"https:\/\/dev.qustodio.com\/fr\/#website","url":"https:\/\/dev.qustodio.com\/fr\/","name":"Qustodio","description":"Free parental control app","potentialAction":[{"@type":"SearchAction","target":{"@type":"EntryPoint","urlTemplate":"https:\/\/dev.qustodio.com\/fr\/?s={search_term_string}"},"query-input":{"@type":"PropertyValueSpecification","valueRequired":true,"valueName":"search_term_string"}}],"inLanguage":"fr-FR"}]}},"_links":{"self":[{"href":"https:\/\/dev.qustodio.com\/fr\/wp-json\/wp\/v2\/pages\/1737","targetHints":{"allow":["GET"]}}],"collection":[{"href":"https:\/\/dev.qustodio.com\/fr\/wp-json\/wp\/v2\/pages"}],"about":[{"href":"https:\/\/dev.qustodio.com\/fr\/wp-json\/wp\/v2\/types\/page"}],"author":[{"embeddable":true,"href":"https:\/\/dev.qustodio.com\/fr\/wp-json\/wp\/v2\/users\/4"}],"replies":[{"embeddable":true,"href":"https:\/\/dev.qustodio.com\/fr\/wp-json\/wp\/v2\/comments?post=1737"}],"version-history":[{"count":17,"href":"https:\/\/dev.qustodio.com\/fr\/wp-json\/wp\/v2\/pages\/1737\/revisions"}],"predecessor-version":[{"id":83587,"href":"https:\/\/dev.qustodio.com\/fr\/wp-json\/wp\/v2\/pages\/1737\/revisions\/83587"}],"wp:attachment":[{"href":"https:\/\/dev.qustodio.com\/fr\/wp-json\/wp\/v2\/media?parent=1737"}],"curies":[{"name":"wp","href":"https:\/\/api.w.org\/{rel}","templated":true}]}}