{"id":1739,"date":"2021-07-29T07:50:00","date_gmt":"2021-07-29T07:50:00","guid":{"rendered":"https:\/\/dev.qustodio.com\/legal-notice\/"},"modified":"2025-03-27T15:54:28","modified_gmt":"2025-03-27T15:54:28","slug":"legal-notice","status":"publish","type":"page","link":"https:\/\/dev.qustodio.com\/it\/legal-notice\/","title":{"rendered":"Legal notice"},"content":{"rendered":"<p>[et_pb_section fb_built=&#8221;1&#8243; _builder_version=&#8221;4.16&#8243; _module_preset=&#8221;default&#8221; da_disable_devices=&#8221;off|off|off&#8221; global_colors_info=&#8221;{}&#8221; da_is_popup=&#8221;off&#8221; da_exit_intent=&#8221;off&#8221; da_has_close=&#8221;on&#8221; da_alt_close=&#8221;off&#8221; da_dark_close=&#8221;off&#8221; da_not_modal=&#8221;on&#8221; da_is_singular=&#8221;off&#8221; da_with_loader=&#8221;off&#8221; da_has_shadow=&#8221;on&#8221;][et_pb_row _builder_version=&#8221;4.16&#8243; _module_preset=&#8221;default&#8221; global_colors_info=&#8221;{}&#8221;][et_pb_column type=&#8221;4_4&#8243; _builder_version=&#8221;4.16&#8243; _module_preset=&#8221;default&#8221; global_colors_info=&#8221;{}&#8221;][et_pb_text _builder_version=&#8221;4.24.0&#8243; _module_preset=&#8221;default&#8221; hover_enabled=&#8221;0&#8243; global_colors_info=&#8221;{}&#8221; sticky_enabled=&#8221;0&#8243;]<\/p>\n<h1>Avviso legale<\/h1>\n<h2>Chi siamo<\/h2>\n<p>Stai accedendo al sito web di Qustodio Technologies S.L. (&#8220;Qustodio&#8221;, la &#8220;Societ\u00e0&#8221; o &#8220;noi\/ci&#8221;) disponibile all&#8217;indirizzo<span>\u00a0<\/span><a href=\"https:\/\/dev.qustodio.com\/\">dev.qustodio.com<\/a><span>\u00a0<\/span>(di seguito denominato &#8220;Sito Web&#8221;).<\/p>\n<p>Qustodio Technologies S.L. ha sede in Roger de Flor Street, 193, 08013 Barcellona, \u200b\u200bSpagna, ha il codice fiscale spagnolo B-65825523 ed \u00e8 iscritta al Registro delle Imprese di Barcellona, \u200b\u200bvolume 38188 Foglio B322132 pagina 78. Puoi contattarci a:<br \/>\n<span>\u00a0<\/span><a href=\"mailto:info@qustodio.com\">info@qustodio.com<\/a>.<\/p>\n<h2>Propriet\u00e0 intellettuale e industriale<\/h2>\n<p>Tutti i diritti di propriet\u00e0 intellettuale su qualsiasi contenuto di questo Sito Web, inclusi, senza limitazioni, immagini, marchi, loghi, segni distintivi, suoni e animazioni, testi, registrazioni sonore, visive e audiovisive e database, sono di propriet\u00e0 della Societ\u00e0 o dei suoi licenziatari e sono protetti dalle leggi nazionali e internazionali. Tali diritti sono riservati a favore della Societ\u00e0 e\/o dei suoi licenziatari. Qualsiasi riproduzione, copia, pubblicazione, distribuzione, modifica, trasformazione, rimozione, manipolazione e qualsiasi altro utilizzo, con o senza scopo di lucro, di tutto o parte di questo Sito Web o di uno qualsiasi dei suoi contenuti, senza la previa autorizzazione scritta della Societ\u00e0 \u00e8 espressamente vietata. Qustodio pu\u00f2 esercitare qualsiasi azione legale e\/o extragiudiziale che ritenga appropriata, in caso di possibile violazione dei propri diritti.<\/p>\n<h2>Responsabilit\u00e0<\/h2>\n<p>Qustodio non \u00e8 responsabile delle pagine web di terze parti accessibili dal Sito Web, n\u00e9 dell&#8217;accuratezza, veridicit\u00e0 e validit\u00e0 delle informazioni del Sito Web che non siano di sua elaborazione.<\/p>\n<p>Tuttavia, in virt\u00f9 dell&#8217;articolo 17 della legge spagnola 34\/2002, nel caso in cui Qustodio venisse a conoscenza dell&#8217;illiceit\u00e0 di tali contenuti o link, si impegna a sopprimere o disabilitare i link, nonch\u00e9, se del caso, a bloccare quei contenuti che possano essere illeciti o violare i diritti di terzi, in conformit\u00e0 con gli articoli 11 e 16 della suddetta legge.<\/p>\n<p>Inoltre, la Societ\u00e0 non sar\u00e0 responsabile per i danni che potrebbero verificarsi a causa di guasti o cattive configurazioni del browser installato dall&#8217;utente nel suo computer. Qustodio non sar\u00e0 responsabile per alcun incidente tecnico o guasto che si verifichi quando l&#8217;utente si connette a Internet. Allo stesso modo, non \u00e8 garantita l&#8217;assenza di interruzioni o errori nell&#8217;accesso al sito web.<\/p>\n<p>Allo stesso modo, Qustodio si riserva il diritto di aggiornare, modificare o eliminare le informazioni contenute nel suo sito web, nonch\u00e9 la sua configurazione o presentazione, in qualsiasi momento e senza assumersi alcuna responsabilit\u00e0 in merito.<\/p>\n<h2>Protezione dei dati personali<\/h2>\n<p>Elaboreremo i tuoi dati personali raccolti sul nostro sito Web o quando ci contatti tramite e-mail secondo la nostra<span>\u00a0<\/span><a href=\"https:\/\/dev.qustodio.com\/en\/privacy\/\">politica sulla riservatezza<\/a>.<\/p>\n<h2>Cookies<\/h2>\n<p>Nel nostro sito web utilizziamo i cookie, si prega di consultare la nostra<br \/>\n<span>\u00a0<\/span><a href=\"https:\/\/dev.qustodio.com\/en\/cookie-policy\/\">Politica sui cookie<\/a><span>\u00a0<\/span>per ulteriori dettagli.<\/p>\n<h2>Servizi per la famiglia Qustodio<\/h2>\n<p>I servizi offerti da Qustodio Family sono regolati dalle specifiche<span>\u00a0<\/span><a href=\"https:\/\/dev.qustodio.com\/en\/family\/terms\/\">Termini e Condizioni<\/a><span>\u00a0<\/span>e<span>\u00a0<\/span><a href=\"https:\/\/dev.qustodio.com\/en\/family\/privacy\/\">politica sulla riservatezza<\/a>.<\/p>\n<h2>Legge applicabile e giurisdizione<\/h2>\n<p>Il presente Avviso Legale, inclusa la nostra Informativa sulla Privacy e la Politica sui Cookie, \u00e8 disciplinato dalle leggi spagnole. I tribunali della citt\u00e0 di Barcellona saranno competenti a decidere qualsiasi controversia derivante dall&#8217;uso del nostro Sito Web.<br \/>\n[\/et_pb_text][\/et_pb_column][\/et_pb_row][\/et_pb_section]<\/p>\n","protected":false},"excerpt":{"rendered":"<p>Avviso legale Chi siamo Stai accedendo al sito web di Qustodio Technologies S.L. (&#8220;Qustodio&#8221;, la &#8220;Societ\u00e0&#8221; o &#8220;noi\/ci&#8221;) disponibile all&#8217;indirizzo\u00a0dev.qustodio.com\u00a0(di seguito denominato &#8220;Sito Web&#8221;). Qustodio Technologies S.L. ha sede in Roger de Flor Street, 193, 08013 Barcellona, \u200b\u200bSpagna, ha il codice fiscale spagnolo B-65825523 ed \u00e8 iscritta al Registro delle Imprese di Barcellona, \u200b\u200bvolume 38188 [&hellip;]<\/p>\n","protected":false},"author":4,"featured_media":0,"parent":0,"menu_order":0,"comment_status":"closed","ping_status":"closed","template":"","meta":{"_acf_changed":false,"_et_pb_use_builder":"on","_et_pb_old_content":"","_et_gb_content_width":"","footnotes":""},"class_list":["post-1739","page","type-page","status-publish","hentry"],"acf":[],"yoast_head":"<!-- This site is optimized with the Yoast SEO Premium plugin v25.8 (Yoast SEO v25.8) - https:\/\/yoast.com\/wordpress\/plugins\/seo\/ -->\n<title>Legal notice | Qustodio<\/title>\n<meta name=\"robots\" content=\"noindex, follow, max-snippet:-1, max-image-preview:large, max-video-preview:-1\" \/>\n<meta property=\"og:locale\" content=\"it_IT\" \/>\n<meta property=\"og:type\" content=\"article\" \/>\n<meta property=\"og:title\" content=\"Legal notice\" \/>\n<meta property=\"og:url\" content=\"https:\/\/dev.qustodio.com\/it\/legal-notice\/\" \/>\n<meta property=\"og:site_name\" content=\"Qustodio\" \/>\n<meta property=\"article:modified_time\" content=\"2025-03-27T15:54:28+00:00\" \/>\n<meta name=\"twitter:card\" content=\"summary_large_image\" \/>\n<meta name=\"twitter:label1\" content=\"Est. reading time\" \/>\n\t<meta name=\"twitter:data1\" content=\"3 minuti\" \/>\n<script type=\"application\/ld+json\" class=\"yoast-schema-graph\">{\"@context\":\"https:\/\/schema.org\",\"@graph\":[{\"@type\":\"WebPage\",\"@id\":\"https:\/\/dev.qustodio.com\/it\/legal-notice\/\",\"url\":\"https:\/\/dev.qustodio.com\/it\/legal-notice\/\",\"name\":\"Legal notice | Qustodio\",\"isPartOf\":{\"@id\":\"https:\/\/dev.qustodio.com\/it\/#website\"},\"datePublished\":\"2021-07-29T07:50:00+00:00\",\"dateModified\":\"2025-03-27T15:54:28+00:00\",\"inLanguage\":\"it-IT\",\"potentialAction\":[{\"@type\":\"ReadAction\",\"target\":[\"https:\/\/dev.qustodio.com\/it\/legal-notice\/\"]}]},{\"@type\":\"WebSite\",\"@id\":\"https:\/\/dev.qustodio.com\/it\/#website\",\"url\":\"https:\/\/dev.qustodio.com\/it\/\",\"name\":\"Qustodio\",\"description\":\"Free parental control app\",\"potentialAction\":[{\"@type\":\"SearchAction\",\"target\":{\"@type\":\"EntryPoint\",\"urlTemplate\":\"https:\/\/dev.qustodio.com\/it\/?s={search_term_string}\"},\"query-input\":{\"@type\":\"PropertyValueSpecification\",\"valueRequired\":true,\"valueName\":\"search_term_string\"}}],\"inLanguage\":\"it-IT\"}]}<\/script>\n<!-- \/ Yoast SEO Premium plugin. -->","yoast_head_json":{"title":"Legal notice | Qustodio","robots":{"index":"noindex","follow":"follow","max-snippet":"max-snippet:-1","max-image-preview":"max-image-preview:large","max-video-preview":"max-video-preview:-1"},"og_locale":"it_IT","og_type":"article","og_title":"Legal notice","og_url":"https:\/\/dev.qustodio.com\/it\/legal-notice\/","og_site_name":"Qustodio","article_modified_time":"2025-03-27T15:54:28+00:00","twitter_card":"summary_large_image","twitter_misc":{"Est. reading time":"3 minuti"},"schema":{"@context":"https:\/\/schema.org","@graph":[{"@type":"WebPage","@id":"https:\/\/dev.qustodio.com\/it\/legal-notice\/","url":"https:\/\/dev.qustodio.com\/it\/legal-notice\/","name":"Legal notice | Qustodio","isPartOf":{"@id":"https:\/\/dev.qustodio.com\/it\/#website"},"datePublished":"2021-07-29T07:50:00+00:00","dateModified":"2025-03-27T15:54:28+00:00","inLanguage":"it-IT","potentialAction":[{"@type":"ReadAction","target":["https:\/\/dev.qustodio.com\/it\/legal-notice\/"]}]},{"@type":"WebSite","@id":"https:\/\/dev.qustodio.com\/it\/#website","url":"https:\/\/dev.qustodio.com\/it\/","name":"Qustodio","description":"Free parental control app","potentialAction":[{"@type":"SearchAction","target":{"@type":"EntryPoint","urlTemplate":"https:\/\/dev.qustodio.com\/it\/?s={search_term_string}"},"query-input":{"@type":"PropertyValueSpecification","valueRequired":true,"valueName":"search_term_string"}}],"inLanguage":"it-IT"}]}},"_links":{"self":[{"href":"https:\/\/dev.qustodio.com\/it\/wp-json\/wp\/v2\/pages\/1739","targetHints":{"allow":["GET"]}}],"collection":[{"href":"https:\/\/dev.qustodio.com\/it\/wp-json\/wp\/v2\/pages"}],"about":[{"href":"https:\/\/dev.qustodio.com\/it\/wp-json\/wp\/v2\/types\/page"}],"author":[{"embeddable":true,"href":"https:\/\/dev.qustodio.com\/it\/wp-json\/wp\/v2\/users\/4"}],"replies":[{"embeddable":true,"href":"https:\/\/dev.qustodio.com\/it\/wp-json\/wp\/v2\/comments?post=1739"}],"version-history":[{"count":12,"href":"https:\/\/dev.qustodio.com\/it\/wp-json\/wp\/v2\/pages\/1739\/revisions"}],"predecessor-version":[{"id":83584,"href":"https:\/\/dev.qustodio.com\/it\/wp-json\/wp\/v2\/pages\/1739\/revisions\/83584"}],"wp:attachment":[{"href":"https:\/\/dev.qustodio.com\/it\/wp-json\/wp\/v2\/media?parent=1739"}],"curies":[{"name":"wp","href":"https:\/\/api.w.org\/{rel}","templated":true}]}}