{"id":20839,"date":"2021-06-22T09:59:16","date_gmt":"2021-06-22T09:59:16","guid":{"rendered":"https:\/\/dev.qustodio.com\/privacy\/"},"modified":"2025-12-18T14:05:21","modified_gmt":"2025-12-18T14:05:21","slug":"privacy","status":"publish","type":"page","link":"https:\/\/dev.qustodio.com\/it\/privacy\/","title":{"rendered":"Privacy Policy"},"content":{"rendered":"<p>[et_pb_section fb_built=&#8221;1&#8243; _builder_version=&#8221;4.16&#8243; da_disable_devices=&#8221;off|off|off&#8221; global_colors_info=&#8221;{}&#8221; da_is_popup=&#8221;off&#8221; da_exit_intent=&#8221;off&#8221; da_has_close=&#8221;on&#8221; da_alt_close=&#8221;off&#8221; da_dark_close=&#8221;off&#8221; da_not_modal=&#8221;on&#8221; da_is_singular=&#8221;off&#8221; da_with_loader=&#8221;off&#8221; da_has_shadow=&#8221;on&#8221;][et_pb_row _builder_version=&#8221;4.16&#8243; background_size=&#8221;initial&#8221; background_position=&#8221;top_left&#8221; background_repeat=&#8221;repeat&#8221; global_colors_info=&#8221;{}&#8221;][et_pb_column type=&#8221;4_4&#8243; _builder_version=&#8221;4.16&#8243; custom_padding=&#8221;|||&#8221; global_colors_info=&#8221;{}&#8221; custom_padding__hover=&#8221;|||&#8221;][et_pb_text _builder_version=&#8221;4.27.4&#8243; background_size=&#8221;initial&#8221; background_position=&#8221;top_left&#8221; background_repeat=&#8221;repeat&#8221; custom_margin=&#8221;||7px|||&#8221; hover_enabled=&#8221;0&#8243; saved_tabs=&#8221;all&#8221; global_colors_info=&#8221;{}&#8221; sticky_enabled=&#8221;0&#8243;]<span style=\"font-weight: 400;\">Il presente contratto \u00e8 redatto esclusivamente in lingua inglese e la versione inglese sar\u00e0 considerata prevalente sotto ogni aspetto e in ogni caso. Pertanto, tutte le altre versioni in un&#8217;altra lingua sono fornite solo a scopo informativo e non sono vincolanti per le parti.<\/p>\n<h1>Informativa sulla privacy di Qustodio<\/h1>\n<p>&nbsp;<\/p>\n<p>Ultimo aggiornamento: [2025 12 18]<\/p>\n<p><span style=\"font-weight: 400;\">Qustodio Technologies S.L. (la &#8220;Societ\u00e0&#8221; o &#8220;Noi\/ci&#8221;) si impegna a rispettare e proteggere la privacy di tutti i visitatori del nostro sito web (dev.qustodio.com). La presente Informativa sulla privacy illustra le nostre pratiche relative all&#8217;utilizzo dei dati personali raccolti e trattati tramite il nostro sito web o altrimenti forniti tramite e-mail o altri siti web che rimandano al nostro sito. Si prega di notare che la presente informativa sulla privacy non regola il trattamento dei dati personali raccolti tramite i nostri servizi. Per ulteriori informazioni sulle modalit\u00e0 di trattamento dei dati dei nostri utenti, si prega di leggere i termini legali dei nostri servizi.<\/span><\/p>\n<p><span style=\"font-weight: 400;\">Il titolare del trattamento dei dati da lei forniti \u00e8 Qustodio Technologies SL, con sede in Calle Roger de Flor, 193, bajos, 08013 Barcellona, \u200b\u200bSpagna.<\/span><\/p>\n<p><span style=\"font-weight: 400;\">\u00c8 possibile contattare il Responsabile della protezione dei dati per inviare suggerimenti, domande, dubbi o reclami in materia di protezione dei dati scrivendo a: <a href=\"mailto:dpo@qustodio.com\">dpo@qustodio.com<\/a><\/span><\/p>\n<p><span style=\"font-weight: 600;\"> 1. Accettazione da parte dell&#8217;utente della presente Informativa sulla privacy<\/span><\/p>\n<p><span style=\"font-weight: 400;\"> Accedendo o utilizzando il nostro Sito Web, e in particolare fornendoci i tuoi dati personali o contattandoci per qualsiasi motivo, sei tenuto ad accettare esplicitamente la presente Informativa sulla privacy e a fornirci il pieno consenso, quando necessario, alla raccolta, all&#8217;archiviazione e al trattamento dei dati personali di cui sei responsabile in conformit\u00e0 con i termini stabiliti nella presente informativa, incluso l&#8217;invio di comunicazioni elettroniche, a seconda dei casi.<\/span><\/p>\n<p><span style=\"font-weight: 600;\"> 2. Raccolta dati personali<\/span><\/p>\n<p><span style=\"font-weight: 600;\"> Dati di contatto: <span style=\"font-weight: 400;\">Se ci invii un&#8217;e-mail con dati personali su di te o su una terza parte, elaboreremo i dati personali che ci invii. <\/span><\/span><\/p>\n<p><span style=\"font-weight: 600;\">Dati di navigazione: <span style=\"font-weight: 400;\"> Grazie agli standard di comunicazione Internet, quando visiti il \u200b\u200bnostro Sito Web riceviamo automaticamente l&#8217;URL del sito da cui provieni e del sito che visiti quando lasci il nostro sito web. Riceviamo anche l&#8217;indirizzo IP (Internet Protocol) del tuo computer e il tipo di browser che stai utilizzando. Utilizziamo queste informazioni per analizzare le tendenze generali e migliorare il servizio. Queste informazioni non vengono condivise con terze parti senza il tuo consenso. Oltre a quanto sopra, e come indicato nella nostra politica sui cookie, non raccogliamo alcun dato personale se ti limiti a navigare sul sito web.<\/span><\/span><\/p>\n<p><span style=\"font-weight: 600;\">3. Base giuridica<\/span><\/p>\n<p><span style=\"font-weight: 400;\">Le basi giuridiche di questo trattamento sono:<\/span><\/p>\n<ul>\n<li><span style=\"font-weight: 400;\">Il nostro legittimo interesse \u00e8 gestire i servizi ed eseguire le azioni che ci stai richiedendo. Valutiamo ogni possibile impatto (sia positivo che negativo) su di te e sui tuoi diritti prima di elaborare i tuoi dati per il nostro legittimo interesse.<\/span><\/li>\n<li><span style=\"font-weight: 400;\">In circostanze specifiche, per ottemperare a un obbligo legale siamo soggetti a.<\/span><\/li>\n<\/ul>\n<p><span style=\"font-weight: 600;\"> 4. Utilizzo dei dati personali<\/span><\/p>\n<p><span style=\"font-weight: 400;\">Utilizziamo i tuoi dati personali per:<\/span><\/p>\n<ul>\n<li><span style=\"font-weight: 400;\">Contattarti e personalizzare la tua esperienza<\/span><\/li>\n<li><span style=\"font-weight: 400;\">Gestire il servizio o l&#8217;azione che ci stai richiedendo<\/span><\/li>\n<li><span style=\"font-weight: 400;\">Migliorare il nostro sito web e i nostri servizi<\/span><\/li>\n<\/ul>\n<p>[\/et_pb_text][et_pb_text _builder_version=&#8221;4.27.4&#8243; background_size=&#8221;initial&#8221; background_position=&#8221;top_left&#8221; background_repeat=&#8221;repeat&#8221; hover_enabled=&#8221;0&#8243; saved_tabs=&#8221;all&#8221; global_colors_info=&#8221;{}&#8221; sticky_enabled=&#8221;0&#8243;]<span style=\"font-weight: 600;\">5. Divulgazione dei dati<\/span><\/p>\n<p><span style=\"font-weight: 400;\">Trattiamo i tuoi dati personali con la massima riservatezza, in conformit\u00e0 con la legge applicabile. Salvo diversa indicazione, i tuoi dati personali non saranno forniti a terzi. Non vendiamo n\u00e9 cediamo a terzi elenchi contenenti dati personali, n\u00e9 di altro tipo.<\/span><\/p>\n<p><span style=\"font-weight: 400;\">Tuttavia, potremmo divulgare i dati come segue:<\/span><\/p>\n<ul>\n<li><span style=\"font-weight: 400;\">Possiamo rendere disponibili i tuoi dati personali a qualsiasi societ\u00e0 interessata ad acquistare, o che effettivamente acquista, la Societ\u00e0 o una parte della sua attivit\u00e0 e, di conseguenza, dare accesso a qualsiasi revisore nazionale o internazionale per svolgere la cosiddetta &#8220;due diligence&#8221;.<\/span><\/li>\n<li><span style=\"font-weight: 400;\">Possiamo condividere i tuoi dati personali con altre aziende del nostro gruppo.<\/span><\/li>\n<li><span style=\"font-weight: 400;\">Potremmo concedere l&#8217;accesso ai tuoi dati personali ai nostri fornitori di servizi se riteniamo ragionevolmente che tale accesso e tale elaborazione siano necessari per l&#8217;esecuzione dei nostri servizi.<\/span><\/li>\n<li><span style=\"font-weight: 400;\">Richiediamo a tutte le terze parti di rispettare la sicurezza dei tuoi dati personali e di trattarli in conformit\u00e0 con la legge. Non consentiamo ai nostri fornitori di servizi esterni di utilizzare i tuoi dati personali per i propri scopi e consentiamo loro di trattare i tuoi dati personali solo per scopi specifici e in conformit\u00e0 con le nostre istruzioni.<\/span><\/li>\n<\/ul>\n<p><span style=\"font-weight: 600;\">6. Trasferimenti internazionali<\/span><\/p>\n<p><span style=\"font-weight: 400;\">Utilizziamo servizi tecnologici di terze parti per la fornitura dei servizi e del Sito Web, i cui fornitori potrebbero trattare i dati raccolti nel corso della fornitura dei servizi indicati di seguito, in qualit\u00e0 di sub-responsabili del trattamento. Queste entit\u00e0 potrebbero trovarsi in giurisdizioni che generalmente non forniscono adeguate garanzie in relazione al trattamento dei dati personali. Per tutte le entit\u00e0 al di fuori dello Spazio Economico Europeo, abbiamo stipulato contratti con tali entit\u00e0 che includono tali garanzie, comprese le clausole contrattuali tipo della CE.<\/span><\/p>\n<p><span style=\"font-weight: 600;\">7. Misure di sicurezza<\/span><\/p>\n<p><span style=\"font-weight: 400;\">Implementiamo misure di sicurezza e schemi di protezione dei dati personali come richiesto dalla legge per mantenere la riservatezza e l&#8217;integrit\u00e0 dei tuoi dati e la protezione contro accessi non autorizzati, modifiche o distruzioni.<\/span><\/p>\n<p><span style=\"font-weight: 600;\">8.Conservazione dei dati<\/span><\/p>\n<p><span style=\"font-weight: 400;\">Conserveremo i tuoi dati personali solo per il tempo necessario a soddisfare le finalit\u00e0 per cui li abbiamo raccolti, inclusi gli obblighi legali, contabili o di rendicontazione, o fino alla disattivazione del tuo account da parte tua o da parte nostra. Dopo tale periodo, i dati saranno conservati (in forma bloccata e sicura) per il periodo di responsabilit\u00e0 legale e amministrativa richiesto e per adempiere agli obblighi di legge e alle altre finalit\u00e0 sopra indicate, che pu\u00f2 arrivare fino a 10 anni in base alla normativa vigente.<\/span><\/p>\n<p><span style=\"font-weight: 600;\">9. Diritti dell&#8217;utente<\/span><\/p>\n<p><span style=\"font-weight: 400;\">La informiamo che pu\u00f2 esercitare in qualsiasi momento il diritto alla portabilit\u00e0 dei dati che ci ha inviato, di accesso, rettifica, cancellazione, blocco e opposizione a qualsiasi trattamento dei suoi dati personali inviando una richiesta via email a<a href=\"mailto:dpo@qustodio.com\">dpo@qustodio.com<\/a> o scrivendo a Qustodio Technologies SL, con sede in Calle Roger de Flor, 193, bajos, 08013 Barcellona, \u200b\u200bSpagna. Puoi anche revocare il tuo consenso al trattamento dei dati in qualsiasi momento, quando utilizziamo i tuoi contenuti come base giuridica per il trattamento dei tuoi dati. La revoca non avr\u00e0 effetto retroattivo, ma potrebbe impedire la fornitura di determinati servizi.<\/span><\/p>\n<p><span style=\"font-weight: 400;\">Hai anche il diritto di presentare un reclamo a un&#8217;autorit\u00e0 di controllo, in questo caso l&#8217;Agenzia spagnola per la protezione dei dati (Agencia Espa\u00f1ola de Protecci\u00f3n de Datos), C\/ Jorge Juan, 6, 28001 Madrid, Spagna.<\/span><\/p>\n<p><span style=\"font-weight: 600;\">10. Generale<\/span><\/p>\n<p><span style=\"font-weight: 400;\">Ci riserviamo il diritto di modificare i termini della presente Informativa sulla Privacy e ti informeremo fornendo un chiaro avviso di tali modifiche via e-mail o sul nostro sito web, nonch\u00e9 nella presente Informativa sulla Privacy. Se continui a utilizzare e\/o ad accedere al nostro Sito Web dopo tale aggiornamento, si riterr\u00e0 che tu abbia accettato i nuovi termini. Se non accetti l&#8217;aggiornamento, ti preghiamo di comunicarcelo e chiuderemo qualsiasi account tu possa avere con noi e rimuoveremo tutti i tuoi dati personali (ad eccezione di quelli che devono essere conservati per scopi legali) e non potrai continuare a utilizzare i servizi a cui ti sei abbonato. <\/span><\/p>\n<p><span style=\"font-weight: 400;\">Salvo diversa disposizione di una specifica normativa locale di applicazione obbligatoria, l&#8217;Informativa sulla privacy<br \/>\n\u00e8 regolata dalle leggi spagnole.<\/span>[\/et_pb_text][\/et_pb_column][\/et_pb_row][\/et_pb_section]<\/p>\n","protected":false},"excerpt":{"rendered":"<p>Il presente contratto \u00e8 redatto esclusivamente in lingua inglese e la versione inglese sar\u00e0 considerata prevalente sotto ogni aspetto e in ogni caso. Pertanto, tutte le altre versioni in un&#8217;altra lingua sono fornite solo a scopo informativo e non sono vincolanti per le parti. Informativa sulla privacy di Qustodio &nbsp; Ultimo aggiornamento: [2025 12 18] [&hellip;]<\/p>\n","protected":false},"author":4,"featured_media":0,"parent":0,"menu_order":0,"comment_status":"closed","ping_status":"open","template":"","meta":{"_acf_changed":false,"_et_pb_use_builder":"on","_et_pb_old_content":"<!-- wp:heading -->\r\n<h1>Qustodio Privacy Policy<\/h1>\r\n<p>Qustodio Technologies S.L. (the \u201cCompany\u201d or \u201cWe\/us\u201d) is committed to respecting and protecting the privacy of all visitors of our Website (dev.qustodio.com) This Privacy Policy explains our practices regarding the use of personal data collected and processed through our Website or otherwise provided to us by email or via other websites that link to us. Please note that this privacy policy doesn\u2019t regulate the processing of personal data collected through our services, if you want to know more about how we process our users\u2019 data, please read the legal terms of our services.<\/p>\r\n<p>The data controller of the data you provide us with is Qustodio Technologies SL, with domicile at Roger de Flor Street, 193, bajos, 08013 Barcelona, Spain.<\/p>\r\n<p>You can contact the Data Protection Officer to send any suggestions, queries, doubts or complaints regarding data protection by writing to:\u00a0<a href=\"mailto:dpo@qustodio.com\">dpo@qustodio.com<\/a><\/p>\r\n<p><strong>1. User acceptance of this Privacy Policy<\/strong><\/p>\r\n<p>By accessing to or using our Website, and in particular by providing your personal information to us, or contacting us for any reason, you are required to explicitly accept this Privacy Policy and provide us with full consent, when needed, to the collection, storage and processing of personal data for which you are responsible in accordance with the terms set out in this policy, including the sending of electronic communications, as the case may be.<\/p>\r\n<p><strong>2. Personal data collection<\/strong>\u00a0<strong>Contact data:<\/strong>\u00a0If you send us any email with personal data about you or a third party, we will process the personal data you send us.<\/p>\r\n<p><strong>Navigation data.<\/strong>\u00a0Due to internet communication standards, when you visit our Website we automatically receive the URL of the site you came from and the site you visit when you leave our website. We also receive the Internet Protocol (\"IP\") address of your computer and the type of browser you are using. We use this information to analyze overall trends to improve the service. This information is not shared with third parties without your consent. Other than the above, and as stated in our\u00a0<a href=\"https:\/\/dev.qustodio.com\/en\/cookie-policy\/\">cookie policy<\/a>, we do not collect any personal data if you are only browsing the website.<\/p>\r\n<p><strong>3. Legal basis<\/strong>\u00a0The legal bases of this processing are:<\/p>\r\n<ul>\r\n<li>Our legitimate interest to manage the services and carry out the actions that you are requesting us. We consider any possible impact (both positive and negative) on you and on your rights before processing your data for our legitimate interest.<\/li>\r\n<li>In specific circumstances, to comply with a legal obligation we are subject to.<\/li>\r\n<\/ul>\r\n<p><strong>4. Use of personal data<\/strong>\u00a0We use your personal data to:<\/p>\r\n<ul>\r\n<li>Contact you and personalise your experience<\/li>\r\n<li>Managing the service or action you are requesting us<\/li>\r\n<li>Improve our website and services<\/li>\r\n<\/ul>\r\n<p><strong>5. Data disclosure<\/strong>\u00a0We treat your personal data with strict confidentiality in accordance with applicable law. Unless otherwise indicated, your personal data will not be provided to third parties. We do not sell or assign to third parties lists with personal data, nor of any other type.<\/p>\r\n<p>Nonetheless, we may disclose data as follows:<\/p>\r\n<ul>\r\n<li>We can make your personal data available to any company interested in buying, or actually buying, the Company or a part of its business and, consequently, give access to any national or international auditors to carry out the so called \"due diligence\".<\/li>\r\n<li>We can share your personal data with other companies of our group of companies.<\/li>\r\n<li>We may give access to your personal data to our service providers if we reasonably consider such access and processing necessary to the performance of our services. We require that all third parties respect the security of your personal data and process them in accordance with the law. We do not allow our external service providers to use your personal data for their own purposes and we only allow them to process your personal data for specific purposes and in accordance with our instructions.<\/li>\r\n<\/ul>\r\n<p><strong>6. International transfers<\/strong>\u00a0We use third party technological services for the provision of services and Website, whose providers may process your data collected in the course of providing us their services indicated below, as sub-processors. These entities may be in jurisdictions that generally don\u2019t provide adequate safeguards in relation to the processing of personal data. For all entities outside the Economic European Area, we have entered into contracts with such entities that do include such safeguards, including the EC model clauses.<\/p>\r\n<p><strong>7. Security Measures<\/strong>\u00a0We implement security measures and personal data protection schemes as required by law to maintain the confidentiality and integrity of your data and protection against unauthorised access, modification or destruction.<\/p>\r\n<p><strong>8. Data Retention.<\/strong>\u00a0We will only retain your personal data for as long as necessary to fulfil the purposes we collected it for, including for the purposes of satisfying any legal, accounting, or reporting requirements, or until the deactivation of your account either by you or by us. After that period, the data will be retained (in a blocked and secure manner) for the required period of legal and administrative liability and to comply with legal obligations and other purposes set out above, which may be up to 10 years according to current applicable law.<\/p>\r\n<p><strong>9. User Rights<\/strong>\u00a0You are informed you may exercise at any time right to the portability of your data sent to us, to access, rectify, erase, block and oppose any processing of your personal data by sending an email request to\u00a0<a href=\"mailto:dpo@qustodio.com\">dpo@qustodio.com<\/a>\u00a0or by writing to Qustodio Technologies SL, with domicile at Roger de Flor Street, 193, bajos, 08013 Barcelona, Spain. You can also withdraw your consent to our processing at any time, when we use your content as legal basis for processing your data. Withdrawal will not have retroactive effects but may prevent providing certain services.<\/p>\r\n<p>You also have the right to lodge a complaint with a supervisory authority, in this case the Spanish Data Protection Agency (Agencia Espa\u00f1ola de Protecci\u00f3n de Datos), C\/ Jorge Juan, 6, 28001 Madrid, Spain.<\/p>\r\n<p><strong>10. General<\/strong>\u00a0We reserve the right to amend the terms of this Privacy Policy and will notify you by providing a clear notice of these changes by email or on our website, and in this Privacy Policy. If you continue to use and\/or access our Website after such update, you will be deemed to accept the new terms. If you do not accept the update, please notify us and we will terminate any account you may have with us, and remove any of your personal data (except as required to be maintained for legal purposes), and you will not be able to continue to use services to which you have subscribed.<\/p>\r\n<p>Unless a specific local regulation of mandatory application provides otherwise, the Privacy Policy is governed by the laws of Spain.<\/p>\r\n<!-- \/wp:paragraph -->","_et_gb_content_width":"","footnotes":""},"class_list":["post-20839","page","type-page","status-publish","hentry"],"acf":[],"yoast_head":"<!-- This site is optimized with the Yoast SEO Premium plugin v25.8 (Yoast SEO v25.8) - https:\/\/yoast.com\/wordpress\/plugins\/seo\/ -->\n<title>Privacy Policy | Qustodio<\/title>\n<meta name=\"robots\" content=\"noindex, follow, max-snippet:-1, max-image-preview:large, max-video-preview:-1\" \/>\n<meta property=\"og:locale\" content=\"it_IT\" \/>\n<meta property=\"og:type\" content=\"article\" \/>\n<meta property=\"og:title\" content=\"Privacy Policy\" \/>\n<meta property=\"og:url\" content=\"https:\/\/dev.qustodio.com\/it\/privacy\/\" \/>\n<meta property=\"og:site_name\" content=\"Qustodio\" \/>\n<meta property=\"article:modified_time\" content=\"2025-12-18T14:05:21+00:00\" \/>\n<meta name=\"twitter:card\" content=\"summary_large_image\" \/>\n<meta name=\"twitter:label1\" content=\"Est. reading time\" \/>\n\t<meta name=\"twitter:data1\" content=\"7 minuti\" \/>\n<script type=\"application\/ld+json\" class=\"yoast-schema-graph\">{\"@context\":\"https:\/\/schema.org\",\"@graph\":[{\"@type\":\"WebPage\",\"@id\":\"https:\/\/dev.qustodio.com\/it\/privacy\/\",\"url\":\"https:\/\/dev.qustodio.com\/it\/privacy\/\",\"name\":\"Privacy Policy | Qustodio\",\"isPartOf\":{\"@id\":\"https:\/\/dev.qustodio.com\/it\/#website\"},\"datePublished\":\"2021-06-22T09:59:16+00:00\",\"dateModified\":\"2025-12-18T14:05:21+00:00\",\"inLanguage\":\"it-IT\",\"potentialAction\":[{\"@type\":\"ReadAction\",\"target\":[\"https:\/\/dev.qustodio.com\/it\/privacy\/\"]}]},{\"@type\":\"WebSite\",\"@id\":\"https:\/\/dev.qustodio.com\/it\/#website\",\"url\":\"https:\/\/dev.qustodio.com\/it\/\",\"name\":\"Qustodio\",\"description\":\"Free parental control app\",\"potentialAction\":[{\"@type\":\"SearchAction\",\"target\":{\"@type\":\"EntryPoint\",\"urlTemplate\":\"https:\/\/dev.qustodio.com\/it\/?s={search_term_string}\"},\"query-input\":{\"@type\":\"PropertyValueSpecification\",\"valueRequired\":true,\"valueName\":\"search_term_string\"}}],\"inLanguage\":\"it-IT\"}]}<\/script>\n<!-- \/ Yoast SEO Premium plugin. -->","yoast_head_json":{"title":"Privacy Policy | Qustodio","robots":{"index":"noindex","follow":"follow","max-snippet":"max-snippet:-1","max-image-preview":"max-image-preview:large","max-video-preview":"max-video-preview:-1"},"og_locale":"it_IT","og_type":"article","og_title":"Privacy Policy","og_url":"https:\/\/dev.qustodio.com\/it\/privacy\/","og_site_name":"Qustodio","article_modified_time":"2025-12-18T14:05:21+00:00","twitter_card":"summary_large_image","twitter_misc":{"Est. reading time":"7 minuti"},"schema":{"@context":"https:\/\/schema.org","@graph":[{"@type":"WebPage","@id":"https:\/\/dev.qustodio.com\/it\/privacy\/","url":"https:\/\/dev.qustodio.com\/it\/privacy\/","name":"Privacy Policy | Qustodio","isPartOf":{"@id":"https:\/\/dev.qustodio.com\/it\/#website"},"datePublished":"2021-06-22T09:59:16+00:00","dateModified":"2025-12-18T14:05:21+00:00","inLanguage":"it-IT","potentialAction":[{"@type":"ReadAction","target":["https:\/\/dev.qustodio.com\/it\/privacy\/"]}]},{"@type":"WebSite","@id":"https:\/\/dev.qustodio.com\/it\/#website","url":"https:\/\/dev.qustodio.com\/it\/","name":"Qustodio","description":"Free parental control app","potentialAction":[{"@type":"SearchAction","target":{"@type":"EntryPoint","urlTemplate":"https:\/\/dev.qustodio.com\/it\/?s={search_term_string}"},"query-input":{"@type":"PropertyValueSpecification","valueRequired":true,"valueName":"search_term_string"}}],"inLanguage":"it-IT"}]}},"_links":{"self":[{"href":"https:\/\/dev.qustodio.com\/it\/wp-json\/wp\/v2\/pages\/20839","targetHints":{"allow":["GET"]}}],"collection":[{"href":"https:\/\/dev.qustodio.com\/it\/wp-json\/wp\/v2\/pages"}],"about":[{"href":"https:\/\/dev.qustodio.com\/it\/wp-json\/wp\/v2\/types\/page"}],"author":[{"embeddable":true,"href":"https:\/\/dev.qustodio.com\/it\/wp-json\/wp\/v2\/users\/4"}],"replies":[{"embeddable":true,"href":"https:\/\/dev.qustodio.com\/it\/wp-json\/wp\/v2\/comments?post=20839"}],"version-history":[{"count":17,"href":"https:\/\/dev.qustodio.com\/it\/wp-json\/wp\/v2\/pages\/20839\/revisions"}],"predecessor-version":[{"id":97981,"href":"https:\/\/dev.qustodio.com\/it\/wp-json\/wp\/v2\/pages\/20839\/revisions\/97981"}],"wp:attachment":[{"href":"https:\/\/dev.qustodio.com\/it\/wp-json\/wp\/v2\/media?parent=20839"}],"curies":[{"name":"wp","href":"https:\/\/api.w.org\/{rel}","templated":true}]}}