{"id":90076,"date":"2025-07-21T14:03:34","date_gmt":"2025-07-21T14:03:34","guid":{"rendered":"https:\/\/dev.qustodio.com\/declaracao-de-acessibilidade-do-site\/"},"modified":"2025-07-22T08:03:50","modified_gmt":"2025-07-22T08:03:50","slug":"declaracao-de-acessibilidade-do-site","status":"publish","type":"page","link":"https:\/\/dev.qustodio.com\/pt-br\/declaracao-de-acessibilidade-do-site\/","title":{"rendered":"Declara\u00e7\u00e3o de acessibilidade do site"},"content":{"rendered":"<p>[et_pb_section fb_built=&#8221;1&#8243; _builder_version=&#8221;4.16&#8243; custom_padding=&#8221;48px||48px||false|false&#8221; da_disable_devices=&#8221;off|off|off&#8221; global_colors_info=&#8221;{}&#8221; da_is_popup=&#8221;off&#8221; da_exit_intent=&#8221;off&#8221; da_has_close=&#8221;on&#8221; da_alt_close=&#8221;off&#8221; da_dark_close=&#8221;off&#8221; da_not_modal=&#8221;on&#8221; da_is_singular=&#8221;off&#8221; da_with_loader=&#8221;off&#8221; da_has_shadow=&#8221;on&#8221;][et_pb_row _builder_version=&#8221;4.16&#8243; background_size=&#8221;initial&#8221; background_position=&#8221;top_left&#8221; background_repeat=&#8221;repeat&#8221; global_colors_info=&#8221;{}&#8221;][et_pb_column type=&#8221;4_4&#8243; _builder_version=&#8221;4.16&#8243; custom_padding=&#8221;|||&#8221; global_colors_info=&#8221;{}&#8221; custom_padding__hover=&#8221;|||&#8221;][et_pb_text _builder_version=&#8221;4.24.0&#8243; _module_preset=&#8221;default&#8221; hover_enabled=&#8221;0&#8243; global_colors_info=&#8221;{}&#8221; sticky_enabled=&#8221;0&#8243;]<\/p>\n<h1>Declara\u00e7\u00e3o de acessibilidade<\/h1>\n<p>[\/et_pb_text][et_pb_text _builder_version=&#8221;4.24.0&#8243; _module_preset=&#8221;default&#8221; global_colors_info=&#8221;{}&#8221;]<\/p>\n<h2>Declara\u00e7\u00e3o de acessibilidade do site<\/h2>\n<p>[\/et_pb_text][et_pb_text _builder_version=&#8221;4.24.0&#8243; _module_preset=&#8221;default&#8221; global_colors_info=&#8221;{}&#8221;]<\/p>\n<p>O Qustodio.com fornece informa\u00e7\u00f5es e acesso \u00e0 nossa solu\u00e7\u00e3o de bem-estar digital e controle parental para fam\u00edlias.<\/p>\n<p>O site \u00e9 estruturado para uma navega\u00e7\u00e3o intuitiva, com um menu superior persistente com links para se\u00e7\u00f5es importantes, incluindo recursos do produto, planos de pre\u00e7os e recursos.<\/p>\n<p>Para saber como nosso produto funciona, quais recursos ele oferece, como come\u00e7ar ou como baixar o Qustodio no dispositivo do seu filho, navegue at\u00e9 a se\u00e7\u00e3o de produtos em nosso menu superior.<\/p>\n<p>Para explorar nossos planos e o que cada um inclui, visite a <a href=\"https:\/\/dev.qustodio.com\/pt-br\/premium\/\">p\u00e1gina de pre\u00e7os<\/a><\/p>\n<p>Para ler nossos artigos de blog \u2014 incluindo dicas de<a href=\"https:\/\/dev.qustodio.com\/pt-br\/blog\/category\/product-tips-pt-br\/\"> produtos<\/a>, <a href=\"https:\/\/dev.qustodio.com\/pt-br\/blog\/category\/parenting-tips-pt-br\/\">dicas para pais<\/a> ou <a href=\"https:\/\/dev.qustodio.com\/pt-br\/blog\/category\/app-safety-and-reviews-pt-br\/\">guias de seguran\u00e7a<\/a> \u2014 ou descobrir hist\u00f3rias de clientes, acesse a se\u00e7\u00e3o de Aprendizagem.<\/p>\n<p>O site tamb\u00e9m cont\u00e9m uma ampla <a href=\"https:\/\/help.qustodio.com\/hc\/en-us\/?_gl=1*1o5tf1k*_gcl_au*MTEwMjMxNTU3OC4xNzQ4MjUyNDYz\">Central de ajuda<\/a> projetada para auxiliar na integra\u00e7\u00e3o do usu\u00e1rio, onde voc\u00ea pode encontrar mais informa\u00e7\u00f5es sobre as funcionalidades do nosso produto e como us\u00e1-lo.<\/p>\n<p>Os usu\u00e1rios podem criar ou acessar suas contas Qustodio por meio de login seguro.<\/p>\n<p>O site \u00e9 otimizado para dispositivos m\u00f3veis, com um design responsivo que se adapta a smartphones e tablets, assim como segue as melhores pr\u00e1ticas de acessibilidade para disponibilizar o conte\u00fado a todos os usu\u00e1rios.<\/p>\n<p>[\/et_pb_text][et_pb_text _builder_version=&#8221;4.24.0&#8243; _module_preset=&#8221;default&#8221; header_line_height=&#8221;1.6em&#8221; global_colors_info=&#8221;{}&#8221;]Na Qustodio, acreditamos que a acessibilidade digital \u00e9 essencial para proporcionar uma experi\u00eancia inclusiva para todos. Temos o compromisso de tornar nosso site acess\u00edvel a pessoas de todas as habilidades, de acordo com os padr\u00f5es internacionalmente reconhecidos.[\/et_pb_text][et_pb_text _builder_version=&#8221;4.24.0&#8243; _module_preset=&#8221;default&#8221; global_colors_info=&#8221;{}&#8221;]<\/p>\n<h2>Status de conformidade<\/h2>\n<p>Estamos trabalhando ativamente para atingir a conformidade com as Diretrizes de Acessibilidade para Conte\u00fado Web (WCAG) 2.1, N\u00edvel AA. Embora a conformidade total ainda n\u00e3o tenha sido alcan\u00e7ada, estamos continuamente auditando e aprimorando nossa plataforma para contemplar as barreiras de acessibilidade e aprimorar a usabilidade para todos os usu\u00e1rios. <\/p>\n<p>[\/et_pb_text][et_pb_text _builder_version=&#8221;4.24.0&#8243; _module_preset=&#8221;default&#8221; global_colors_info=&#8221;{}&#8221;]<\/p>\n<h2>Nossa abordagem<\/h2>\n<p>Nossa avalia\u00e7\u00e3o de acessibilidade combina:<\/p>\n<ul>\n<li>Ferramentas automatizadas: Axe, WAVE, Lighthouse, HTML Validator<\/li>\n<li>Teste manual: navega\u00e7\u00e3o pelo teclado, uso de leitor de tela<\/li>\n<li>Revis\u00e3o estrutural: uso de HTML sem\u00e2ntico, fun\u00e7\u00f5es ARIA e classifica\u00e7\u00e3o adequada<\/li>\n<\/ul>\n<p>[\/et_pb_text][et_pb_text _builder_version=&#8221;4.24.0&#8243; _module_preset=&#8221;default&#8221; global_colors_info=&#8221;{}&#8221;]<\/p>\n<h2>Status atual de acessibilidade<\/h2>\n<p>Implementamos uma s\u00e9rie de melhorias de acessibilidade em toda a plataforma. A navega\u00e7\u00e3o pelo teclado \u00e9 totalmente suportada, com indicadores de foco vis\u00edveis para ajudar os usu\u00e1rios a rastrear sua localiza\u00e7\u00e3o na tela. Imagens e \u00edcones significativos incluem texto alternativo, bem como links e bot\u00f5es s\u00e3o rotulados claramente para descrever sua finalidade. Tamb\u00e9m garantimos que a cor n\u00e3o seja o \u00fanico m\u00e9todo de transmiss\u00e3o de informa\u00e7\u00f5es e evitamos qualquer conte\u00fado piscante que possa ocasionar convuls\u00f5es. Os atributos de idioma e os t\u00edtulos dos documentos est\u00e3o definidos corretamente, e a interface \u00e9 compat\u00edvel com os principais leitores de tela em fluxos de trabalho comuns.[\/et_pb_text][et_pb_text _builder_version=&#8221;4.24.0&#8243; _module_preset=&#8221;default&#8221; global_colors_info=&#8221;{}&#8221;]<\/p>\n<h2>\u00c1reas de foco<\/h2>\n<p>Continuamos a refinar diversos aspectos da experi\u00eancia do usu\u00e1rio. Especificamente, estamos aprimorando as taxas de contraste em partes da interface para atender aos padr\u00f5es de legibilidade, aprimorando a forma como os erros de valida\u00e7\u00e3o de formul\u00e1rios s\u00e3o apresentados e resolvidos e garantindo que atualiza\u00e7\u00f5es din\u00e2micas de conte\u00fado sejam anunciadas para tecnologias assistivas. Al\u00e9m disso, estamos revisando a estrutura dos t\u00edtulos e refor\u00e7ando as rela\u00e7\u00f5es program\u00e1ticas entre as entradas do formul\u00e1rio e seus r\u00f3tulos para garantir clareza e navegabilidade.[\/et_pb_text][et_pb_text _builder_version=&#8221;4.24.0&#8243; _module_preset=&#8221;default&#8221; global_colors_info=&#8221;{}&#8221;]<\/p>\n<h2>Compromisso com o aperfei\u00e7oamento<\/h2>\n<p>A acessibilidade \u00e9 um processo cont\u00ednuo. Revisamos, testamos e aprimoramos regularmente nossas experi\u00eancias digitais como parte do nosso ciclo de desenvolvimento. Os novos recursos incluem revis\u00f5es de acessibilidade antes do lan\u00e7amento e priorizamos ativamente as corre\u00e7\u00f5es com base no impacto.[\/et_pb_text][et_pb_text _builder_version=&#8221;4.24.0&#8243; _module_preset=&#8221;default&#8221; global_colors_info=&#8221;{}&#8221;]<\/p>\n<h2>Feedback<\/h2>\n<p>Se voc\u00ea tiver alguma dificuldade para acessar nosso conte\u00fado ou quiser compartilhar sugest\u00f5es de melhoria, agradecemos sua contribui\u00e7\u00e3o:<\/p>\n<p>E-mail: accessibility@qustodio.com<br \/>Tempo de resposta: at\u00e9 15 dias \u00fateis<\/p>\n<p><em>\u00daltima atualiza\u00e7\u00e3o: 22 de junho de 2025<\/em><\/p>\n<p>[\/et_pb_text][\/et_pb_column][\/et_pb_row][\/et_pb_section]<\/p>\n","protected":false},"excerpt":{"rendered":"<p>Declara\u00e7\u00e3o de acessibilidadeDeclara\u00e7\u00e3o de acessibilidade do siteO Qustodio.com fornece informa\u00e7\u00f5es e acesso \u00e0 nossa solu\u00e7\u00e3o de bem-estar digital e controle parental para fam\u00edlias. O site \u00e9 estruturado para uma navega\u00e7\u00e3o intuitiva, com um menu superior persistente com links para se\u00e7\u00f5es importantes, incluindo recursos do produto, planos de pre\u00e7os e recursos. Para saber como nosso produto [&hellip;]<\/p>\n","protected":false},"author":35,"featured_media":0,"parent":0,"menu_order":0,"comment_status":"closed","ping_status":"closed","template":"","meta":{"_acf_changed":false,"_et_pb_use_builder":"on","_et_pb_old_content":"","_et_gb_content_width":"","footnotes":""},"class_list":["post-90076","page","type-page","status-publish","hentry"],"acf":[],"yoast_head":"<!-- This site is optimized with the Yoast SEO Premium plugin v25.8 (Yoast SEO v25.8) - https:\/\/yoast.com\/wordpress\/plugins\/seo\/ -->\n<title>Declara\u00e7\u00e3o de acessibilidade do site | Qustodio<\/title>\n<meta name=\"robots\" content=\"noindex, follow, max-snippet:-1, max-image-preview:large, max-video-preview:-1\" \/>\n<meta property=\"og:locale\" content=\"pt_BR\" \/>\n<meta property=\"og:type\" content=\"article\" \/>\n<meta property=\"og:title\" content=\"Declara\u00e7\u00e3o de acessibilidade do site\" \/>\n<meta property=\"og:url\" content=\"https:\/\/dev.qustodio.com\/pt-br\/declaracao-de-acessibilidade-do-site\/\" \/>\n<meta property=\"og:site_name\" content=\"Qustodio\" \/>\n<meta property=\"article:modified_time\" content=\"2025-07-22T08:03:50+00:00\" \/>\n<meta name=\"twitter:card\" content=\"summary_large_image\" \/>\n<meta name=\"twitter:label1\" content=\"Est. reading time\" \/>\n\t<meta name=\"twitter:data1\" content=\"5 minutos\" \/>\n<script type=\"application\/ld+json\" class=\"yoast-schema-graph\">{\"@context\":\"https:\/\/schema.org\",\"@graph\":[{\"@type\":\"WebPage\",\"@id\":\"https:\/\/dev.qustodio.com\/pt-br\/declaracao-de-acessibilidade-do-site\/\",\"url\":\"https:\/\/dev.qustodio.com\/pt-br\/declaracao-de-acessibilidade-do-site\/\",\"name\":\"Declara\u00e7\u00e3o de acessibilidade do site | Qustodio\",\"isPartOf\":{\"@id\":\"https:\/\/dev.qustodio.com\/pt-br\/#website\"},\"datePublished\":\"2025-07-21T14:03:34+00:00\",\"dateModified\":\"2025-07-22T08:03:50+00:00\",\"inLanguage\":\"pt-BR\",\"potentialAction\":[{\"@type\":\"ReadAction\",\"target\":[\"https:\/\/dev.qustodio.com\/pt-br\/declaracao-de-acessibilidade-do-site\/\"]}]},{\"@type\":\"WebSite\",\"@id\":\"https:\/\/dev.qustodio.com\/pt-br\/#website\",\"url\":\"https:\/\/dev.qustodio.com\/pt-br\/\",\"name\":\"Qustodio\",\"description\":\"Free parental control app\",\"potentialAction\":[{\"@type\":\"SearchAction\",\"target\":{\"@type\":\"EntryPoint\",\"urlTemplate\":\"https:\/\/dev.qustodio.com\/pt-br\/?s={search_term_string}\"},\"query-input\":{\"@type\":\"PropertyValueSpecification\",\"valueRequired\":true,\"valueName\":\"search_term_string\"}}],\"inLanguage\":\"pt-BR\"}]}<\/script>\n<!-- \/ Yoast SEO Premium plugin. -->","yoast_head_json":{"title":"Declara\u00e7\u00e3o de acessibilidade do site | Qustodio","robots":{"index":"noindex","follow":"follow","max-snippet":"max-snippet:-1","max-image-preview":"max-image-preview:large","max-video-preview":"max-video-preview:-1"},"og_locale":"pt_BR","og_type":"article","og_title":"Declara\u00e7\u00e3o de acessibilidade do site","og_url":"https:\/\/dev.qustodio.com\/pt-br\/declaracao-de-acessibilidade-do-site\/","og_site_name":"Qustodio","article_modified_time":"2025-07-22T08:03:50+00:00","twitter_card":"summary_large_image","twitter_misc":{"Est. reading time":"5 minutos"},"schema":{"@context":"https:\/\/schema.org","@graph":[{"@type":"WebPage","@id":"https:\/\/dev.qustodio.com\/pt-br\/declaracao-de-acessibilidade-do-site\/","url":"https:\/\/dev.qustodio.com\/pt-br\/declaracao-de-acessibilidade-do-site\/","name":"Declara\u00e7\u00e3o de acessibilidade do site | Qustodio","isPartOf":{"@id":"https:\/\/dev.qustodio.com\/pt-br\/#website"},"datePublished":"2025-07-21T14:03:34+00:00","dateModified":"2025-07-22T08:03:50+00:00","inLanguage":"pt-BR","potentialAction":[{"@type":"ReadAction","target":["https:\/\/dev.qustodio.com\/pt-br\/declaracao-de-acessibilidade-do-site\/"]}]},{"@type":"WebSite","@id":"https:\/\/dev.qustodio.com\/pt-br\/#website","url":"https:\/\/dev.qustodio.com\/pt-br\/","name":"Qustodio","description":"Free parental control app","potentialAction":[{"@type":"SearchAction","target":{"@type":"EntryPoint","urlTemplate":"https:\/\/dev.qustodio.com\/pt-br\/?s={search_term_string}"},"query-input":{"@type":"PropertyValueSpecification","valueRequired":true,"valueName":"search_term_string"}}],"inLanguage":"pt-BR"}]}},"_links":{"self":[{"href":"https:\/\/dev.qustodio.com\/pt-br\/wp-json\/wp\/v2\/pages\/90076","targetHints":{"allow":["GET"]}}],"collection":[{"href":"https:\/\/dev.qustodio.com\/pt-br\/wp-json\/wp\/v2\/pages"}],"about":[{"href":"https:\/\/dev.qustodio.com\/pt-br\/wp-json\/wp\/v2\/types\/page"}],"author":[{"embeddable":true,"href":"https:\/\/dev.qustodio.com\/pt-br\/wp-json\/wp\/v2\/users\/35"}],"replies":[{"embeddable":true,"href":"https:\/\/dev.qustodio.com\/pt-br\/wp-json\/wp\/v2\/comments?post=90076"}],"version-history":[{"count":10,"href":"https:\/\/dev.qustodio.com\/pt-br\/wp-json\/wp\/v2\/pages\/90076\/revisions"}],"predecessor-version":[{"id":90129,"href":"https:\/\/dev.qustodio.com\/pt-br\/wp-json\/wp\/v2\/pages\/90076\/revisions\/90129"}],"wp:attachment":[{"href":"https:\/\/dev.qustodio.com\/pt-br\/wp-json\/wp\/v2\/media?parent=90076"}],"curies":[{"name":"wp","href":"https:\/\/api.w.org\/{rel}","templated":true}]}}